{"id":299,"date":"2024-03-25T16:08:59","date_gmt":"2024-03-25T16:08:59","guid":{"rendered":"https:\/\/matteoarfanotti.com\/?page_id=299"},"modified":"2024-08-09T14:04:43","modified_gmt":"2024-08-09T14:04:43","slug":"chi-sono","status":"publish","type":"page","link":"https:\/\/matteoarfanotti.com\/es\/chi-sono\/","title":{"rendered":"Qui\u00e9n soy"},"content":{"rendered":"<div data-elementor-type=\"wp-page\" data-elementor-id=\"299\" class=\"elementor elementor-299\" data-elementor-post-type=\"page\">\n\t\t\t\t<div class=\"elementor-element elementor-element-290b504 e-flex e-con-boxed e-con e-parent\" data-id=\"290b504\" data-element_type=\"container\" data-e-type=\"container\">\n\t\t\t\t\t<div class=\"e-con-inner\">\n\t\t<div class=\"elementor-element elementor-element-ff6f35d e-con-full e-flex e-con e-child\" data-id=\"ff6f35d\" data-element_type=\"container\" data-e-type=\"container\">\n\t\t<div class=\"elementor-element elementor-element-0dd64db e-con-full e-flex e-con e-child\" data-id=\"0dd64db\" data-element_type=\"container\" data-e-type=\"container\">\n\t\t\t\t<div class=\"elementor-element elementor-element-4df3c77 elementor-widget elementor-widget-qi_addons_for_elementor_animated_text\" data-id=\"4df3c77\" data-element_type=\"widget\" data-e-type=\"widget\" data-widget_type=\"qi_addons_for_elementor_animated_text.default\">\n\t\t\t\t<div class=\"elementor-widget-container\">\n\t\t\t\t\t<div class=\"qodef-shortcode qodef-m qodef-qi-animated-text qodef--animated-by-word qodef--alignment-left qodef-qi--has-appear qodef--appear-from-bottom\" >\n\t\t<h2 class=\"qodef-m-title\">\n\t\t<span class=\"qodef-e-word\">Matteo<\/span> <span class=\"qodef-e-word\">Arfanotti<\/span>\t<\/h2>\n<\/div>\n\t\t\t\t<\/div>\n\t\t\t\t<\/div>\n\t\t\t\t<div class=\"elementor-element elementor-element-ef37655 elementor-widget elementor-widget-qi_addons_for_elementor_animated_text\" data-id=\"ef37655\" data-element_type=\"widget\" data-e-type=\"widget\" data-widget_type=\"qi_addons_for_elementor_animated_text.default\">\n\t\t\t\t<div class=\"elementor-widget-container\">\n\t\t\t\t\t<div class=\"qodef-shortcode qodef-m qodef-qi-animated-text qodef--animated-by-word qodef--alignment-left qodef-qi--has-appear qodef--appear-from-bottom\" >\n\t\t<h1 class=\"qodef-m-title translation-block\"><span class=\"qodef-e-word\">Artista<\/span> <span class=\"qodef-e-word\">Body<\/span> <span class=\"qodef-e-word\">Painting<\/span> <span class=\"qodef-e-word\">Profesinal<\/span><\/h1>\n<\/div>\n\t\t\t\t<\/div>\n\t\t\t\t<\/div>\n\t\t\t\t<div class=\"elementor-element elementor-element-012d444 animated-fast elementor-widget__width-initial elementor-invisible elementor-widget elementor-widget-heading\" data-id=\"012d444\" data-element_type=\"widget\" data-e-type=\"widget\" data-settings=\"{&quot;_animation&quot;:&quot;fadeInUp&quot;,&quot;_animation_delay&quot;:100}\" data-widget_type=\"heading.default\">\n\t\t\t\t<div class=\"elementor-widget-container\">\n\t\t\t\t\t<p class=\"elementor-heading-title elementor-size-default\">Soy pintor y bodypainter, un artista que vive perpetuamente con un pincel en una\nmano y una maleta en la otra. He conseguido con empe\u00f1o, creatividad y un poco de\nsuerte convertir mi pasi\u00f3n en un trabajo, pero siempre estoy buscando nuevos\nest\u00edmulos, nuevos retos y nuevas ideas con las que experimentar. Estoy convencido\nde que el proceso creativo es m\u00e1s importante que el resultado y que la observaci\u00f3n,\nla curiosidad y la pr\u00e1ctica son las herramientas clave para el \u00e9xito.<\/p>\t\t\t\t<\/div>\n\t\t\t\t<\/div>\n\t\t\t\t<div class=\"elementor-element elementor-element-b7ae5ee animated-fast elementor-widget__width-initial elementor-invisible elementor-widget elementor-widget-heading\" data-id=\"b7ae5ee\" data-element_type=\"widget\" data-e-type=\"widget\" data-settings=\"{&quot;_animation&quot;:&quot;fadeInUp&quot;,&quot;_animation_delay&quot;:100}\" data-widget_type=\"heading.default\">\n\t\t\t\t<div class=\"elementor-widget-container\">\n\t\t\t\t\t<p class=\"elementor-heading-title elementor-size-default\">Tras una licenciatura en Arquitectura y una trayectoria art\u00edstica dedicada a la Pintura\n(que contin\u00faa hasta hoy), me vi catapultado al m\u00e1gico mundo del Bodypainting, que\nembeles\u00f3 mi coraz\u00f3n y me abri\u00f3 las puertas del mundo. Ganar el t\u00edtulo de Campe\u00f3n\nItaliano de Bodypainting, primero, y Campe\u00f3n Mundial de Facepainting y\nBodypainting, despu\u00e9s, transform\u00f3 completamente mi vida, que hoy es un vaiv\u00e9n\nentre la planificaci\u00f3n de viajes, eventos y talleres, la creaci\u00f3n de nuevos proyectos, y\nla realizaci\u00f3n de face&amp;bodypainting para demostraciones, cursos y actuaciones.<\/p>\t\t\t\t<\/div>\n\t\t\t\t<\/div>\n\t\t\t\t<div class=\"elementor-element elementor-element-112f815 animated-fast elementor-widget__width-initial elementor-invisible elementor-widget elementor-widget-heading\" data-id=\"112f815\" data-element_type=\"widget\" data-e-type=\"widget\" data-settings=\"{&quot;_animation&quot;:&quot;fadeInUp&quot;,&quot;_animation_delay&quot;:100}\" data-widget_type=\"heading.default\">\n\t\t\t\t<div class=\"elementor-widget-container\">\n\t\t\t\t\t<p class=\"elementor-heading-title elementor-size-default\">Cuando no soy un trotamundos, vivo en la Toscana, en el campo, pero a pocos\nminutos del mar, con Francesca, mi mujer, compa\u00f1era de vida y otro pilar de mi\nequipo, y Mera, una gata roja gru\u00f1ona y mimosa a la vez.<\/p>\t\t\t\t<\/div>\n\t\t\t\t<\/div>\n\t\t\t\t<\/div>\n\t\t<div class=\"elementor-element elementor-element-820c084 e-con-full e-flex e-con e-child\" data-id=\"820c084\" data-element_type=\"container\" data-e-type=\"container\">\n\t\t\t\t<div class=\"elementor-element elementor-element-9e582b4 elementor-widget elementor-widget-image\" data-id=\"9e582b4\" data-element_type=\"widget\" data-e-type=\"widget\" data-widget_type=\"image.default\">\n\t\t\t\t<div class=\"elementor-widget-container\">\n\t\t\t\t\t\t\t\t\t\t\t\t\t\t\t<img fetchpriority=\"high\" decoding=\"async\" width=\"1200\" height=\"795\" src=\"https:\/\/matteoarfanotti.com\/wp-content\/uploads\/2024\/04\/MatteoArfanotti.webp\" class=\"attachment-full size-full wp-image-632\" alt=\"\" srcset=\"https:\/\/matteoarfanotti.com\/wp-content\/uploads\/2024\/04\/MatteoArfanotti.webp 1200w, https:\/\/matteoarfanotti.com\/wp-content\/uploads\/2024\/04\/MatteoArfanotti-300x199.webp 300w, https:\/\/matteoarfanotti.com\/wp-content\/uploads\/2024\/04\/MatteoArfanotti-1024x678.webp 1024w, https:\/\/matteoarfanotti.com\/wp-content\/uploads\/2024\/04\/MatteoArfanotti-768x509.webp 768w\" sizes=\"(max-width: 1200px) 100vw, 1200px\" \/>\t\t\t\t\t\t\t\t\t\t\t\t\t\t\t<\/div>\n\t\t\t\t<\/div>\n\t\t\t\t<\/div>\n\t\t\t\t<\/div>\n\t\t\t\t\t<\/div>\n\t\t\t\t<\/div>\n\t\t<div class=\"elementor-element elementor-element-9f6f438 e-flex e-con-boxed e-con e-parent\" data-id=\"9f6f438\" data-element_type=\"container\" data-e-type=\"container\">\n\t\t\t\t\t<div class=\"e-con-inner\">\n\t\t<div class=\"elementor-element elementor-element-7391871 e-con-full e-flex e-con e-child\" data-id=\"7391871\" data-element_type=\"container\" data-e-type=\"container\">\n\t\t<div class=\"elementor-element elementor-element-3a1a8fa e-con-full e-flex e-con e-child\" data-id=\"3a1a8fa\" data-element_type=\"container\" data-e-type=\"container\">\n\t\t<div class=\"elementor-element elementor-element-da00312 e-con-full e-flex e-con e-child\" data-id=\"da00312\" data-element_type=\"container\" data-e-type=\"container\">\n\t\t\t\t<div class=\"elementor-element elementor-element-8b4084d animated-fast elementor-invisible elementor-widget elementor-widget-heading\" data-id=\"8b4084d\" data-element_type=\"widget\" data-e-type=\"widget\" data-settings=\"{&quot;_animation&quot;:&quot;fadeInUp&quot;,&quot;_animation_delay&quot;:100}\" data-widget_type=\"heading.default\">\n\t\t\t\t<div class=\"elementor-widget-container\">\n\t\t\t\t\t<h1 class=\"elementor-heading-title elementor-size-default\">Por lo dem\u00e1s... \u00a1que mi biograf\u00eda oficial hable por m\u00ed!<\/h1>\t\t\t\t<\/div>\n\t\t\t\t<\/div>\n\t\t\t\t<div class=\"elementor-element elementor-element-5e12461 animated-fast elementor-invisible elementor-widget elementor-widget-heading\" data-id=\"5e12461\" data-element_type=\"widget\" data-e-type=\"widget\" data-settings=\"{&quot;_animation&quot;:&quot;fadeInUp&quot;,&quot;_animation_delay&quot;:100}\" data-widget_type=\"heading.default\">\n\t\t\t\t<div class=\"elementor-widget-container\">\n\t\t\t\t\t<p class=\"elementor-heading-title elementor-size-default\">Bodypainter de renombre internacional, Matteo Arfanotti es tres veces Campe\u00f3n\ndel Mundo, en 2013 cuando por primera vez en la historia del World Bodypainting\nFestival, gan\u00f3 contempor\u00e1neamente el t\u00edtulo de Campe\u00f3n del Mundo de\nBodypainting y Facepainting, y de nuevo en 2018, cuando gan\u00f3 el t\u00edtulo mundial en\nla categor\u00eda Team Show Award junto con su amigo, el artista estadounidense\nmulticampe\u00f3n Nick Wolfe.<\/p>\t\t\t\t<\/div>\n\t\t\t\t<\/div>\n\t\t\t\t<\/div>\n\t\t\t\t<\/div>\n\t\t<div class=\"elementor-element elementor-element-55e5c1b e-con-full e-flex e-con e-child\" data-id=\"55e5c1b\" data-element_type=\"container\" data-e-type=\"container\">\n\t\t<div class=\"elementor-element elementor-element-2e31355 e-con-full e-flex e-con e-child\" data-id=\"2e31355\" data-element_type=\"container\" data-e-type=\"container\">\n\t\t\t\t<div class=\"elementor-element elementor-element-013ac1f animated-fast elementor-invisible elementor-widget elementor-widget-heading\" data-id=\"013ac1f\" data-element_type=\"widget\" data-e-type=\"widget\" data-settings=\"{&quot;_animation&quot;:&quot;fadeInUp&quot;,&quot;_animation_delay&quot;:100}\" data-widget_type=\"heading.default\">\n\t\t\t\t<div class=\"elementor-widget-container\">\n\t\t\t\t\t<p class=\"elementor-heading-title elementor-size-default\">Artista polifac\u00e9tico, curioso y siempre fascinado por las nuevas formas de arte y\nexperimentaci\u00f3n, ha sabido combinar su pasi\u00f3n por la pintura con sus estudios de\narquitectura, logrando crear su propio camino de investigaci\u00f3n en constante tensi\u00f3n\nentre el instinto art\u00edstico y el rigor cient\u00edfico, lo que le ha llevado a un eclecticismo\ncapaz de combinar diferentes disciplinas y t\u00e9cnicas en una s\u00edntesis siempre nueva y\noriginal.<\/p>\t\t\t\t<\/div>\n\t\t\t\t<\/div>\n\t\t\t\t<div class=\"elementor-element elementor-element-f964c8a animated-fast elementor-invisible elementor-widget elementor-widget-heading\" data-id=\"f964c8a\" data-element_type=\"widget\" data-e-type=\"widget\" data-settings=\"{&quot;_animation&quot;:&quot;fadeInUp&quot;,&quot;_animation_delay&quot;:100}\" data-widget_type=\"heading.default\">\n\t\t\t\t<div class=\"elementor-widget-container\">\n\t\t\t\t\t<p class=\"elementor-heading-title elementor-size-default\">Tras m\u00e1s de veinte a\u00f1os dedicado al dibujo, la pintura y la instalaci\u00f3n, en 2010 se\nacerc\u00f3 al mundo del bodypainting y qued\u00f3 fascinado por su extraordinaria\ncapacidad para dar vida a sus obras y criaturas, aunque sea de forma ef\u00edmera, por\nespacio de unas horas. En 2012, solo dos a\u00f1os despu\u00e9s, gan\u00f3 el t\u00edtulo de Campe\u00f3n\nItaliano de Bodypainting, y al a\u00f1o siguiente gan\u00f3 dos t\u00edtulos mundiales, a los que\na\u00f1adi\u00f3 un tercero en 2018.<\/p>\t\t\t\t<\/div>\n\t\t\t\t<\/div>\n\t\t\t\t<\/div>\n\t\t\t\t<\/div>\n\t\t\t\t<\/div>\n\t\t<div class=\"elementor-element elementor-element-7ffe423 e-con-full e-flex e-con e-child\" data-id=\"7ffe423\" data-element_type=\"container\" data-e-type=\"container\">\n\t\t<div class=\"elementor-element elementor-element-43f86ce e-con-full e-flex e-con e-child\" data-id=\"43f86ce\" data-element_type=\"container\" data-e-type=\"container\">\n\t\t\t\t<div class=\"elementor-element elementor-element-32c7b84 elementor-widget elementor-widget-n-accordion\" data-id=\"32c7b84\" data-element_type=\"widget\" data-e-type=\"widget\" data-settings=\"{&quot;default_state&quot;:&quot;all_collapsed&quot;,&quot;max_items_expended&quot;:&quot;one&quot;,&quot;n_accordion_animation_duration&quot;:{&quot;unit&quot;:&quot;ms&quot;,&quot;size&quot;:400,&quot;sizes&quot;:[]}}\" data-widget_type=\"nested-accordion.default\">\n\t\t\t\t<div class=\"elementor-widget-container\">\n\t\t\t\t\t\t\t<div class=\"e-n-accordion\" aria-label=\"Accordion. Open links with Enter or Space, close with Escape, and navigate with Arrow Keys\">\n\t\t\t\t\t\t<details id=\"e-n-accordion-item-5320\" class=\"e-n-accordion-item\" >\n\t\t\t\t<summary class=\"e-n-accordion-item-title\" data-accordion-index=\"1\" tabindex=\"0\" aria-expanded=\"false\" aria-controls=\"e-n-accordion-item-5320\" >\n\t\t\t\t\t<span class='e-n-accordion-item-title-header'><div class=\"e-n-accordion-item-title-text\"> Seguir leyendo <\/div><\/span>\n\t\t\t\t\t\t\t\t\t<\/summary>\n\t\t\t\t<div role=\"region\" aria-labelledby=\"e-n-accordion-item-5320\" class=\"elementor-element elementor-element-f557af1 e-con-full e-flex e-con e-child\" data-id=\"f557af1\" data-element_type=\"container\" data-e-type=\"container\">\n\t\t<div role=\"region\" aria-labelledby=\"e-n-accordion-item-5320\" class=\"elementor-element elementor-element-70f5632 e-con-full e-flex e-con e-child\" data-id=\"70f5632\" data-element_type=\"container\" data-e-type=\"container\">\n\t\t<div role=\"region\" aria-labelledby=\"e-n-accordion-item-5320\" class=\"elementor-element elementor-element-687f41c e-con-full e-flex e-con e-child\" data-id=\"687f41c\" data-element_type=\"container\" data-e-type=\"container\">\n\t\t<div role=\"region\" aria-labelledby=\"e-n-accordion-item-5320\" class=\"elementor-element elementor-element-a4ce857 e-con-full e-flex e-con e-child\" data-id=\"a4ce857\" data-element_type=\"container\" data-e-type=\"container\">\n\t\t\t\t<div class=\"elementor-element elementor-element-2ce871e animated-fast elementor-widget elementor-widget-heading\" data-id=\"2ce871e\" data-element_type=\"widget\" data-e-type=\"widget\" data-settings=\"{&quot;_animation&quot;:&quot;none&quot;,&quot;_animation_delay&quot;:100}\" data-widget_type=\"heading.default\">\n\t\t\t\t<div class=\"elementor-widget-container\">\n\t\t\t\t\t<p class=\"elementor-heading-title elementor-size-default\">Obtuvo numerosos premios y galardones en los a\u00f1os siguientes en Italia y en el\nextranjero, abri\u00e9ndole las puertas de los cinco continentes y convirti\u00e9ndole\nr\u00e1pidamente en uno de los bodypainters m\u00e1s apreciados y solicitados\ninternacionalmente. De hecho, es uno de los profesores m\u00e1s respetados en esta\ndisciplina, especialmente conocido por sus efectos tridimensionales y los &quot;rostros\nmonstruosos&quot; que utiliza para crear la ilusi\u00f3n de rasgos y expresiones faciales\ncambiantes. Ha participado como invitado y conferenciante en los m\u00e1s prestigiosos\ncongresos internacionales de pintura facial y corporal y ha impartido talleres en toda\nEuropa y en numerosos pa\u00edses de todo el mundo, como Israel, Estados Unidos,\nCanad\u00e1, M\u00e9xico, Costa Rica, Brasil, Australia, Nueva Zelanda y Corea del Sur.\nMuchos de sus alumnos son ahora artistas consagrados y reconocidos en todo el\nmundo.\n<br><br>\nProfesor invitado de numerosas academias internacionales de maquillaje, como la\nMBC MakeUp Beauty Academy de Se\u00fal, la Metamorphoses de Estrasburgo y\nMontpellier, la Make-Up For Ever Academy de Par\u00eds y su filial italiana La Truccheria\nde Bolonia. Invitado y jurado en los concursos internacionales m\u00e1s importantes, son\nmuy demandadas sus actuaciones art\u00edsticas, que realiz\u00f3 para el programa de\ntelevisi\u00f3n &quot;The Apprentice&quot; en 2012 y para importantes eventos, como el &quot;Vision\nAward&quot; en el Festival de Cine de Locarno en 2013, el espect\u00e1culo de apertura del\nGran Premio de F\u00f3rmula Uno en Singapur en 2014, la Fiesta TelAviv en el Pabell\u00f3n\nde Israel en la EXPO2015 de Mil\u00e1n, el Festival Internacional de Cine de Sulmona en\n2017, el evento de Bodypainting en el Sofitel Malabo de Guinea Ecuatorial en 2017,\nla feria IMATS International Make-Up Artist Trade Show de Londres en 2018, el\nespect\u00e1culo &quot;Palace in the Sea&quot; de Nochevieja de 2019 y &quot;Dreamland&quot; de\nNochevieja de 2020, organizado por OZ Events para el Hotel Badrutt&#039;s Palace de\nSaint Moritz (Suiza), con la realizaci\u00f3n de 10 bodypaintings en bailarines del cuerpo\nde baile de Equilibre Events, el Demo Corner en The Prosthetics Event de Coventry\nen 2022 y 2023.<\/p>\t\t\t\t<\/div>\n\t\t\t\t<\/div>\n\t\t\t\t<\/div>\n\t\t\t\t<\/div>\n\t\t<div role=\"region\" aria-labelledby=\"e-n-accordion-item-5320\" class=\"elementor-element elementor-element-07064aa e-con-full e-flex e-con e-child\" data-id=\"07064aa\" data-element_type=\"container\" data-e-type=\"container\">\n\t\t<div role=\"region\" aria-labelledby=\"e-n-accordion-item-5320\" class=\"elementor-element elementor-element-1f0e006 e-con-full e-flex e-con e-child\" data-id=\"1f0e006\" data-element_type=\"container\" data-e-type=\"container\">\n\t\t\t\t<div class=\"elementor-element elementor-element-83485b3 animated-fast elementor-widget elementor-widget-heading\" data-id=\"83485b3\" data-element_type=\"widget\" data-e-type=\"widget\" data-settings=\"{&quot;_animation&quot;:&quot;none&quot;,&quot;_animation_delay&quot;:100}\" data-widget_type=\"heading.default\">\n\t\t\t\t<div class=\"elementor-widget-container\">\n\t\t\t\t\t<p class=\"elementor-heading-title elementor-size-default\">Sucesivamente, ha realizado numerosas actuaciones art\u00edsticas durante eventos y\nfestivales de bodypainting, tatuaje y burlesque, as\u00ed como en eventos art\u00edsticos,\nfiestas, espect\u00e1culos y actos promocionales para importantes empresas italianas y\nextranjeras. Desde 2012 trabaja en el maquillaje de los participantes del desfile de\ncarrozas aleg\u00f3ricas de primera categor\u00eda del Carnaval de Viareggio, primero con el\nequipo de Fratelli Bonetti y, desde 2020, con el de Jacopo Allegrucci.\nEn el \u00e1mbito cinematogr\u00e1fico, tambi\u00e9n ha realizado el maquillaje prot\u00e9sico para\nefectos especiales de esqueletos utilizados como atrezzo en la pel\u00edcula de Alberto\n\nRondalli &quot;Agadah&quot; de 2017 y ha participado como profesor en el 16\u00ba Stage Nacional\nFedic &quot;Anche questo \u00e8 fare cinema&quot; con un masterclass sobre maquillaje splatter.\nVive en Fosdinovo, Toscana, y trabaja entre Italia y el resto del mundo.<\/p>\t\t\t\t<\/div>\n\t\t\t\t<\/div>\n\t\t\t\t<div class=\"elementor-element elementor-element-3471c2c elementor-widget elementor-widget-image\" data-id=\"3471c2c\" data-element_type=\"widget\" data-e-type=\"widget\" data-widget_type=\"image.default\">\n\t\t\t\t<div class=\"elementor-widget-container\">\n\t\t\t\t\t\t\t\t\t\t\t\t\t\t\t<img decoding=\"async\" width=\"1200\" height=\"795\" src=\"https:\/\/matteoarfanotti.com\/wp-content\/uploads\/2024\/04\/MatteoArfanotti_ItalianBF2019.webp\" class=\"attachment-full size-full wp-image-630\" alt=\"\" srcset=\"https:\/\/matteoarfanotti.com\/wp-content\/uploads\/2024\/04\/MatteoArfanotti_ItalianBF2019.webp 1200w, https:\/\/matteoarfanotti.com\/wp-content\/uploads\/2024\/04\/MatteoArfanotti_ItalianBF2019-300x199.webp 300w, https:\/\/matteoarfanotti.com\/wp-content\/uploads\/2024\/04\/MatteoArfanotti_ItalianBF2019-1024x678.webp 1024w, https:\/\/matteoarfanotti.com\/wp-content\/uploads\/2024\/04\/MatteoArfanotti_ItalianBF2019-768x509.webp 768w\" sizes=\"(max-width: 1200px) 100vw, 1200px\" \/>\t\t\t\t\t\t\t\t\t\t\t\t\t\t\t<\/div>\n\t\t\t\t<\/div>\n\t\t\t\t<\/div>\n\t\t\t\t<\/div>\n\t\t\t\t<\/div>\n\t\t\t\t<\/div>\n\t\t\t\t\t<\/details>\n\t\t\t\t\t<\/div>\n\t\t\t\t\t\t<\/div>\n\t\t\t\t<\/div>\n\t\t\t\t<\/div>\n\t\t\t\t<\/div>\n\t\t\t\t\t<\/div>\n\t\t\t\t<\/div>\n\t\t\t\t<\/div>","protected":false},"excerpt":{"rendered":"<p>Matteo Arfanotti Artista Body Painting Professionale Sono un pittore e un bodypainter, un artista che vive perennemente con il pennello in una mano e la valigia nell\u2019altra! Sono riuscito con impegno, creativit\u00e0 e un po\u2019 di fortuna a fare della mia passione un lavoro, ma sono sempre alla ricerca di nuovi stimoli, nuove sfide e [&hellip;]<\/p>\n","protected":false},"author":1,"featured_media":0,"parent":0,"menu_order":0,"comment_status":"closed","ping_status":"closed","template":"elementor_header_footer","meta":{"_acf_changed":false,"footnotes":""},"class_list":["post-299","page","type-page","status-publish","hentry"],"acf":[],"_links":{"self":[{"href":"https:\/\/matteoarfanotti.com\/es\/wp-json\/wp\/v2\/pages\/299","targetHints":{"allow":["GET"]}}],"collection":[{"href":"https:\/\/matteoarfanotti.com\/es\/wp-json\/wp\/v2\/pages"}],"about":[{"href":"https:\/\/matteoarfanotti.com\/es\/wp-json\/wp\/v2\/types\/page"}],"author":[{"embeddable":true,"href":"https:\/\/matteoarfanotti.com\/es\/wp-json\/wp\/v2\/users\/1"}],"replies":[{"embeddable":true,"href":"https:\/\/matteoarfanotti.com\/es\/wp-json\/wp\/v2\/comments?post=299"}],"version-history":[{"count":79,"href":"https:\/\/matteoarfanotti.com\/es\/wp-json\/wp\/v2\/pages\/299\/revisions"}],"predecessor-version":[{"id":1560,"href":"https:\/\/matteoarfanotti.com\/es\/wp-json\/wp\/v2\/pages\/299\/revisions\/1560"}],"wp:attachment":[{"href":"https:\/\/matteoarfanotti.com\/es\/wp-json\/wp\/v2\/media?parent=299"}],"curies":[{"name":"wp","href":"https:\/\/api.w.org\/{rel}","templated":true}]}}