{"id":822,"date":"2024-05-30T09:04:16","date_gmt":"2024-05-30T09:04:16","guid":{"rendered":"https:\/\/matteoarfanotti.com\/?page_id=822"},"modified":"2024-08-09T14:36:52","modified_gmt":"2024-08-09T14:36:52","slug":"eventi-workshop","status":"publish","type":"page","link":"https:\/\/matteoarfanotti.com\/es\/eventi-workshop\/","title":{"rendered":"Eventi Workshop"},"content":{"rendered":"<div data-elementor-type=\"wp-page\" data-elementor-id=\"822\" class=\"elementor elementor-822\" data-elementor-post-type=\"page\">\n\t\t\t\t<div class=\"elementor-element elementor-element-b83742f e-flex e-con-boxed e-con e-parent\" data-id=\"b83742f\" data-element_type=\"container\" data-e-type=\"container\">\n\t\t\t\t\t<div class=\"e-con-inner\">\n\t\t<div class=\"elementor-element elementor-element-065a620 e-con-full e-flex e-con e-child\" data-id=\"065a620\" data-element_type=\"container\" data-e-type=\"container\">\n\t\t\t\t<div class=\"elementor-element elementor-element-32b4c48 elementor-widget elementor-widget-qi_addons_for_elementor_animated_text\" data-id=\"32b4c48\" data-element_type=\"widget\" data-e-type=\"widget\" data-widget_type=\"qi_addons_for_elementor_animated_text.default\">\n\t\t\t\t<div class=\"elementor-widget-container\">\n\t\t\t\t\t<div class=\"qodef-shortcode qodef-m qodef-qi-animated-text qodef--animated-by-word qodef--alignment-left qodef-qi--has-appear qodef--appear-from-bottom\" >\n\t\t<h2 class=\"qodef-m-title\">\n\t\t<span class=\"qodef-e-word\">Talleres<\/span> <span class=\"qodef-e-word\">y<\/span> <span class=\"qodef-e-word\">cursos<\/span> <span class=\"qodef-e-word\">online<\/span>\t<\/h2>\n<\/div>\n\t\t\t\t<\/div>\n\t\t\t\t<\/div>\n\t\t\t\t<\/div>\n\t\t<div class=\"elementor-element elementor-element-5671f5f e-con-full e-flex e-con e-child\" data-id=\"5671f5f\" data-element_type=\"container\" data-e-type=\"container\">\n\t\t<div class=\"elementor-element elementor-element-b04840b e-con-full e-flex e-con e-child\" data-id=\"b04840b\" data-element_type=\"container\" data-e-type=\"container\">\n\t\t<div class=\"elementor-element elementor-element-1ae4f7f e-con-full e-flex e-con e-child\" data-id=\"1ae4f7f\" data-element_type=\"container\" data-e-type=\"container\">\n\t\t\t\t<div class=\"elementor-element elementor-element-f69788b animated-fast elementor-invisible elementor-widget elementor-widget-heading\" data-id=\"f69788b\" data-element_type=\"widget\" data-e-type=\"widget\" data-settings=\"{&quot;_animation&quot;:&quot;fadeInUp&quot;,&quot;_animation_delay&quot;:100}\" data-widget_type=\"heading.default\">\n\t\t\t\t<div class=\"elementor-widget-container\">\n\t\t\t\t\t<h1 class=\"elementor-heading-title elementor-size-default\">Qu\u00e9 es la ense\u00f1anza para m\u00ed<\/h1>\t\t\t\t<\/div>\n\t\t\t\t<\/div>\n\t\t\t\t<div class=\"elementor-element elementor-element-cbdb29a animated-fast elementor-invisible elementor-widget elementor-widget-heading\" data-id=\"cbdb29a\" data-element_type=\"widget\" data-e-type=\"widget\" data-settings=\"{&quot;_animation&quot;:&quot;fadeInUp&quot;,&quot;_animation_delay&quot;:100}\" data-widget_type=\"heading.default\">\n\t\t\t\t<div class=\"elementor-widget-container\">\n\t\t\t\t\t<p class=\"elementor-heading-title elementor-size-default\"><b>\u201cNada es realmente nuestro hasta que lo compartimos.\"<\/b> Estas palabras del escritor\ningl\u00e9s C.S. Lewis resumen perfectamente por qu\u00e9 me encanta viajar por el mundo\nimpartiendo talleres y cursos.\n<br><br>\nLa ense\u00f1anza es un arte en s\u00ed misma; cuando compartes tu conocimiento con los\ndem\u00e1s, creas un v\u00ednculo profundo que va m\u00e1s all\u00e1 de las palabras y los conceptos. Y\ncuando se trata de ense\u00f1ar arte, esta conexi\u00f3n se vuelve a\u00fan m\u00e1s intensa.\n<br><br>\nEmpezamos con algunos conceptos te\u00f3ricos y luego hacemos muchos ejercicios,\npero la verdadera belleza de la ense\u00f1anza reside en poder inspirar a mis alumnos,\nen ver sus ojos iluminarse cuando logran algo nuevo, cuando consiguen un efecto o\ntruco que los llena de orgullo.<\/p>\t\t\t\t<\/div>\n\t\t\t\t<\/div>\n\t\t\t\t<\/div>\n\t\t\t\t<\/div>\n\t\t<div class=\"elementor-element elementor-element-3852037 e-con-full e-flex e-con e-child\" data-id=\"3852037\" data-element_type=\"container\" data-e-type=\"container\">\n\t\t<div class=\"elementor-element elementor-element-ab492ed e-con-full e-flex e-con e-child\" data-id=\"ab492ed\" data-element_type=\"container\" data-e-type=\"container\">\n\t\t\t\t<div class=\"elementor-element elementor-element-d6c290a animated-fast elementor-invisible elementor-widget elementor-widget-heading\" data-id=\"d6c290a\" data-element_type=\"widget\" data-e-type=\"widget\" data-settings=\"{&quot;_animation&quot;:&quot;fadeInUp&quot;,&quot;_animation_delay&quot;:100}\" data-widget_type=\"heading.default\">\n\t\t\t\t<div class=\"elementor-widget-container\">\n\t\t\t\t\t<p class=\"elementor-heading-title elementor-size-default\">La mayor satisfacci\u00f3n es ver sus progresos y poder\ndisfrutar de sus \u00e9xitos. A menudo recibo mensajes de agradecimiento en los que me\nmuestran fotos de los trabajos que han realizado para un evento, un concurso o un\nencargo.\n<br><br>\nEnse\u00f1ar arte es un privilegio; no se trata solo de ense\u00f1ar a dibujar, sino ante todo a\nobservar, a ver, a comprender, a interpretar. Y en estos momentos yo tambi\u00e9n\nvuelvo a aprender: a ver el mundo a trav\u00e9s de los ojos de quienes crean, a captar la\nbelleza oculta en los matices y los detalles. Es un viaje sin fin, una obra de arte en\nconstante evoluci\u00f3n.<\/p>\t\t\t\t<\/div>\n\t\t\t\t<\/div>\n\t\t\t\t<\/div>\n\t\t\t\t<\/div>\n\t\t\t\t<\/div>\n\t\t<div class=\"elementor-element elementor-element-1da7ce2 e-con-full e-flex e-con e-child\" data-id=\"1da7ce2\" data-element_type=\"container\" data-e-type=\"container\">\n\t\t<div class=\"elementor-element elementor-element-ae3a2fa e-con-full animated-fast e-flex elementor-invisible e-con e-child\" data-id=\"ae3a2fa\" data-element_type=\"container\" data-e-type=\"container\" id=\"presenza\" data-settings=\"{&quot;background_background&quot;:&quot;classic&quot;,&quot;animation&quot;:&quot;fadeInUp&quot;,&quot;animation_delay&quot;:150}\">\n\t\t<div class=\"elementor-element elementor-element-2393caa e-con-full e-flex e-con e-child\" data-id=\"2393caa\" data-element_type=\"container\" data-e-type=\"container\" data-settings=\"{&quot;background_background&quot;:&quot;classic&quot;}\">\n\t\t\t\t<div class=\"elementor-element elementor-element-2d29c93 elementor-widget elementor-widget-image\" data-id=\"2d29c93\" data-element_type=\"widget\" data-e-type=\"widget\" data-widget_type=\"image.default\">\n\t\t\t\t<div class=\"elementor-widget-container\">\n\t\t\t\t\t\t\t\t\t\t\t\t\t\t\t<img fetchpriority=\"high\" decoding=\"async\" width=\"1200\" height=\"1199\" src=\"https:\/\/matteoarfanotti.com\/wp-content\/uploads\/2024\/07\/WS-in-presenza.webp\" class=\"attachment-full size-full wp-image-1152\" alt=\"\" srcset=\"https:\/\/matteoarfanotti.com\/wp-content\/uploads\/2024\/07\/WS-in-presenza.webp 1200w, https:\/\/matteoarfanotti.com\/wp-content\/uploads\/2024\/07\/WS-in-presenza-300x300.webp 300w, https:\/\/matteoarfanotti.com\/wp-content\/uploads\/2024\/07\/WS-in-presenza-1024x1024.webp 1024w, https:\/\/matteoarfanotti.com\/wp-content\/uploads\/2024\/07\/WS-in-presenza-150x150.webp 150w, https:\/\/matteoarfanotti.com\/wp-content\/uploads\/2024\/07\/WS-in-presenza-768x767.webp 768w, https:\/\/matteoarfanotti.com\/wp-content\/uploads\/2024\/07\/WS-in-presenza-12x12.webp 12w, https:\/\/matteoarfanotti.com\/wp-content\/uploads\/2024\/07\/WS-in-presenza-650x650.webp 650w\" sizes=\"(max-width: 1200px) 100vw, 1200px\" \/>\t\t\t\t\t\t\t\t\t\t\t\t\t\t\t<\/div>\n\t\t\t\t<\/div>\n\t\t\t\t<\/div>\n\t\t<div class=\"elementor-element elementor-element-a4d06b0 e-con-full e-flex e-con e-child\" data-id=\"a4d06b0\" data-element_type=\"container\" data-e-type=\"container\">\n\t\t\t\t<div class=\"elementor-element elementor-element-e5d1e9a elementor-widget elementor-widget-heading\" data-id=\"e5d1e9a\" data-element_type=\"widget\" data-e-type=\"widget\" data-widget_type=\"heading.default\">\n\t\t\t\t<div class=\"elementor-widget-container\">\n\t\t\t\t\t<h2 class=\"elementor-heading-title elementor-size-default\">Talleres presenciales<\/h2>\t\t\t\t<\/div>\n\t\t\t\t<\/div>\n\t\t\t\t<div class=\"elementor-element elementor-element-b2c3f1a elementor-widget elementor-widget-heading\" data-id=\"b2c3f1a\" data-element_type=\"widget\" data-e-type=\"widget\" data-widget_type=\"heading.default\">\n\t\t\t\t<div class=\"elementor-widget-container\">\n\t\t\t\t\t<p class=\"elementor-heading-title elementor-size-default translation-block\">Ya sea en cursos de facepainting o de bodypainting, el punto de partida es siempre\nel estudio de la composici\u00f3n y de luces y sombras, porque el objetivo es realizar un\nproyecto unitario, dando vida a un personaje con su propia identidad, intrigante y\nsorprendente, pero al mismo tiempo cre\u00edble y efectivo. Un efecto &quot;wow&quot; que puede\namplificarse mediante la creaci\u00f3n de adornos prot\u00e9sicos dise\u00f1ados y realizados no\ncomo simples accesorios, sino como un verdadero acabado del personaje. Una\nvisi\u00f3n de conjunto que parte de la idea, pasa por el proyecto y se realiza paso a\npaso, a trav\u00e9s del uso de diferentes materiales y herramientas, que aprendemos a\nconocer y utilizar juntos.<\/p>\t\t\t\t<\/div>\n\t\t\t\t<\/div>\n\t\t\t\t<div class=\"elementor-element elementor-element-1e46a12 elementor-mobile-align-justify elementor-align-justify elementor-widget elementor-widget-button\" data-id=\"1e46a12\" data-element_type=\"widget\" data-e-type=\"widget\" data-widget_type=\"button.default\">\n\t\t\t\t<div class=\"elementor-widget-container\">\n\t\t\t\t\t\t\t\t\t<div class=\"elementor-button-wrapper\">\n\t\t\t\t\t<a class=\"elementor-button elementor-button-link elementor-size-sm\" href=\"https:\/\/matteoarfanotti.com\/es\/workshop-calendario\/\">\n\t\t\t\t\t\t<span class=\"elementor-button-content-wrapper\">\n\t\t\t\t\t\t\t\t\t<span class=\"elementor-button-text\">Descubra las fechas disponibles<\/span>\n\t\t\t\t\t<\/span>\n\t\t\t\t\t<\/a>\n\t\t\t\t<\/div>\n\t\t\t\t\t\t\t\t<\/div>\n\t\t\t\t<\/div>\n\t\t\t\t<\/div>\n\t\t\t\t<\/div>\n\t\t<div class=\"elementor-element elementor-element-ac82ea9 e-con-full animated-fast e-flex elementor-invisible e-con e-child\" data-id=\"ac82ea9\" data-element_type=\"container\" data-e-type=\"container\" id=\"online\" data-settings=\"{&quot;background_background&quot;:&quot;classic&quot;,&quot;animation&quot;:&quot;fadeInUp&quot;,&quot;animation_delay&quot;:150}\">\n\t\t<div class=\"elementor-element elementor-element-2709d45 e-con-full e-flex e-con e-child\" data-id=\"2709d45\" data-element_type=\"container\" data-e-type=\"container\" data-settings=\"{&quot;background_background&quot;:&quot;classic&quot;}\">\n\t\t\t\t<div class=\"elementor-element elementor-element-4a97d75 elementor-widget elementor-widget-image\" data-id=\"4a97d75\" data-element_type=\"widget\" data-e-type=\"widget\" data-widget_type=\"image.default\">\n\t\t\t\t<div class=\"elementor-widget-container\">\n\t\t\t\t\t\t\t\t\t\t\t\t\t\t\t<img decoding=\"async\" width=\"1052\" height=\"1052\" src=\"https:\/\/matteoarfanotti.com\/wp-content\/uploads\/2024\/07\/WS-online.webp\" class=\"attachment-full size-full wp-image-1151\" alt=\"\" srcset=\"https:\/\/matteoarfanotti.com\/wp-content\/uploads\/2024\/07\/WS-online.webp 1052w, https:\/\/matteoarfanotti.com\/wp-content\/uploads\/2024\/07\/WS-online-300x300.webp 300w, https:\/\/matteoarfanotti.com\/wp-content\/uploads\/2024\/07\/WS-online-1024x1024.webp 1024w, https:\/\/matteoarfanotti.com\/wp-content\/uploads\/2024\/07\/WS-online-150x150.webp 150w, https:\/\/matteoarfanotti.com\/wp-content\/uploads\/2024\/07\/WS-online-768x768.webp 768w, https:\/\/matteoarfanotti.com\/wp-content\/uploads\/2024\/07\/WS-online-12x12.webp 12w, https:\/\/matteoarfanotti.com\/wp-content\/uploads\/2024\/07\/WS-online-650x650.webp 650w\" sizes=\"(max-width: 1052px) 100vw, 1052px\" \/>\t\t\t\t\t\t\t\t\t\t\t\t\t\t\t<\/div>\n\t\t\t\t<\/div>\n\t\t\t\t<\/div>\n\t\t<div class=\"elementor-element elementor-element-b227e11 e-con-full e-flex e-con e-child\" data-id=\"b227e11\" data-element_type=\"container\" data-e-type=\"container\">\n\t\t\t\t<div class=\"elementor-element elementor-element-80936f0 elementor-widget elementor-widget-heading\" data-id=\"80936f0\" data-element_type=\"widget\" data-e-type=\"widget\" data-widget_type=\"heading.default\">\n\t\t\t\t<div class=\"elementor-widget-container\">\n\t\t\t\t\t<h2 class=\"elementor-heading-title elementor-size-default\">Cursos en l\u00ednea<\/h2>\t\t\t\t<\/div>\n\t\t\t\t<\/div>\n\t\t\t\t<div class=\"elementor-element elementor-element-9a03ad2 elementor-widget elementor-widget-heading\" data-id=\"9a03ad2\" data-element_type=\"widget\" data-e-type=\"widget\" data-widget_type=\"heading.default\">\n\t\t\t\t<div class=\"elementor-widget-container\">\n\t\t\t\t\t<p class=\"elementor-heading-title elementor-size-default translation-block\">Si prefieres seguir mis cursos desde la comodidad de tu hogar, siguiendo las\nlecciones a tu propio ritmo, \u00a1entonces mis cursos en l\u00ednea son la soluci\u00f3n para ti!\nCursos tem\u00e1ticos y diferenciados, con una selecci\u00f3n de mis facepaintings m\u00e1s\nic\u00f3nicos y sorprendentes, descritos con video tutoriales paso a paso, fichas de\nmaquillaje con los colores y pinceles necesarios, face-charts para crear bocetos y\nacceso a un grupo exclusivo de Facebook para los inscritos en el curso, donde poder\nrecibir asistencia y compartir los resultados. Y recuerda: una vez comprado, \u00a1el curso\nser\u00e1 tuyo para siempre!<\/p>\t\t\t\t<\/div>\n\t\t\t\t<\/div>\n\t\t\t\t<div class=\"elementor-element elementor-element-791635e elementor-mobile-align-justify elementor-align-justify elementor-widget elementor-widget-button\" data-id=\"791635e\" data-element_type=\"widget\" data-e-type=\"widget\" data-widget_type=\"button.default\">\n\t\t\t\t<div class=\"elementor-widget-container\">\n\t\t\t\t\t\t\t\t\t<div class=\"elementor-button-wrapper\">\n\t\t\t\t\t<a class=\"elementor-button elementor-button-link elementor-size-sm\" href=\"https:\/\/matteo-arfanotti.teachable.com\/\" target=\"_blank\">\n\t\t\t\t\t\t<span class=\"elementor-button-content-wrapper\">\n\t\t\t\t\t\t\t\t\t<span class=\"elementor-button-text\">Scopri i corsi disponibili<\/span>\n\t\t\t\t\t<\/span>\n\t\t\t\t\t<\/a>\n\t\t\t\t<\/div>\n\t\t\t\t\t\t\t\t<\/div>\n\t\t\t\t<\/div>\n\t\t\t\t<\/div>\n\t\t\t\t<\/div>\n\t\t<div class=\"elementor-element elementor-element-cf34b92 e-con-full animated-fast e-flex elementor-invisible e-con e-child\" data-id=\"cf34b92\" data-element_type=\"container\" data-e-type=\"container\" id=\"ondemand\" data-settings=\"{&quot;background_background&quot;:&quot;classic&quot;,&quot;animation&quot;:&quot;fadeInUp&quot;,&quot;animation_delay&quot;:150}\">\n\t\t<div class=\"elementor-element elementor-element-0b28b9a e-con-full e-flex e-con e-child\" data-id=\"0b28b9a\" data-element_type=\"container\" data-e-type=\"container\" data-settings=\"{&quot;background_background&quot;:&quot;classic&quot;}\">\n\t\t\t\t<div class=\"elementor-element elementor-element-7b0777c elementor-widget elementor-widget-image\" data-id=\"7b0777c\" data-element_type=\"widget\" data-e-type=\"widget\" data-widget_type=\"image.default\">\n\t\t\t\t<div class=\"elementor-widget-container\">\n\t\t\t\t\t\t\t\t\t\t\t\t\t\t\t<img decoding=\"async\" width=\"1200\" height=\"1200\" src=\"https:\/\/matteoarfanotti.com\/wp-content\/uploads\/2024\/07\/WS-on-demand.webp\" class=\"attachment-full size-full wp-image-1154\" alt=\"\" srcset=\"https:\/\/matteoarfanotti.com\/wp-content\/uploads\/2024\/07\/WS-on-demand.webp 1200w, https:\/\/matteoarfanotti.com\/wp-content\/uploads\/2024\/07\/WS-on-demand-300x300.webp 300w, https:\/\/matteoarfanotti.com\/wp-content\/uploads\/2024\/07\/WS-on-demand-1024x1024.webp 1024w, https:\/\/matteoarfanotti.com\/wp-content\/uploads\/2024\/07\/WS-on-demand-150x150.webp 150w, https:\/\/matteoarfanotti.com\/wp-content\/uploads\/2024\/07\/WS-on-demand-768x768.webp 768w, https:\/\/matteoarfanotti.com\/wp-content\/uploads\/2024\/07\/WS-on-demand-12x12.webp 12w, https:\/\/matteoarfanotti.com\/wp-content\/uploads\/2024\/07\/WS-on-demand-650x650.webp 650w\" sizes=\"(max-width: 1200px) 100vw, 1200px\" \/>\t\t\t\t\t\t\t\t\t\t\t\t\t\t\t<\/div>\n\t\t\t\t<\/div>\n\t\t\t\t<\/div>\n\t\t<div class=\"elementor-element elementor-element-c0b91f7 e-con-full e-flex e-con e-child\" data-id=\"c0b91f7\" data-element_type=\"container\" data-e-type=\"container\">\n\t\t\t\t<div class=\"elementor-element elementor-element-cd601c3 elementor-widget elementor-widget-heading\" data-id=\"cd601c3\" data-element_type=\"widget\" data-e-type=\"widget\" data-widget_type=\"heading.default\">\n\t\t\t\t<div class=\"elementor-widget-container\">\n\t\t\t\t\t<h2 class=\"elementor-heading-title elementor-size-default\">Cursos a pedido<\/h2>\t\t\t\t<\/div>\n\t\t\t\t<\/div>\n\t\t\t\t<div class=\"elementor-element elementor-element-ca436f5 elementor-widget elementor-widget-heading\" data-id=\"ca436f5\" data-element_type=\"widget\" data-e-type=\"widget\" data-widget_type=\"heading.default\">\n\t\t\t\t<div class=\"elementor-widget-container\">\n\t\t\t\t\t<p class=\"elementor-heading-title elementor-size-default translation-block\">Tambi\u00e9n existe una f\u00f3rmula completamente personalizable para mis cursos... Un d\u00eda\nentero dedicado a ti o a un grupo de hasta 4 personas en mi estudio, personalizando\nel curso con los temas, t\u00e9cnicas y materiales que m\u00e1s te interesen. Un verdadero\ntaller a la carta que podemos organizar como y cuando t\u00fa quieras.<\/p>\t\t\t\t<\/div>\n\t\t\t\t<\/div>\n\t\t\t\t<div class=\"elementor-element elementor-element-488cb38 elementor-align-start elementor-icon-list--layout-traditional elementor-list-item-link-full_width elementor-widget elementor-widget-icon-list\" data-id=\"488cb38\" data-element_type=\"widget\" data-e-type=\"widget\" data-widget_type=\"icon-list.default\">\n\t\t\t\t<div class=\"elementor-widget-container\">\n\t\t\t\t\t\t\t<ul class=\"elementor-icon-list-items\">\n\t\t\t\t\t\t\t<li class=\"elementor-icon-list-item\">\n\t\t\t\t\t\t\t\t\t\t\t<span class=\"elementor-icon-list-icon\">\n\t\t\t\t\t\t\t<svg aria-hidden=\"true\" class=\"e-font-icon-svg e-fas-circle\" viewbox=\"0 0 512 512\" xmlns=\"http:\/\/www.w3.org\/2000\/svg\"><path d=\"M256 8C119 8 8 119 8 256s111 248 248 248 248-111 248-248S393 8 256 8z\"><\/path><\/svg>\t\t\t\t\t\t<\/span>\n\t\t\t\t\t\t\t\t\t\t<span class=\"elementor-icon-list-text\">Taller individual \u20ac400<\/span>\n\t\t\t\t\t\t\t\t\t<\/li>\n\t\t\t\t\t\t\t\t<li class=\"elementor-icon-list-item\">\n\t\t\t\t\t\t\t\t\t\t\t<span class=\"elementor-icon-list-icon\">\n\t\t\t\t\t\t\t<svg aria-hidden=\"true\" class=\"e-font-icon-svg e-fas-circle\" viewbox=\"0 0 512 512\" xmlns=\"http:\/\/www.w3.org\/2000\/svg\"><path d=\"M256 8C119 8 8 119 8 256s111 248 248 248 248-111 248-248S393 8 256 8z\"><\/path><\/svg>\t\t\t\t\t\t<\/span>\n\t\t\t\t\t\t\t\t\t\t<span class=\"elementor-icon-list-text\">Taller de grupo (m\u00e1x 4 personas) \u20ac600 <br>(a dividir entre los participantes)<\/span>\n\t\t\t\t\t\t\t\t\t<\/li>\n\t\t\t\t\t\t<\/ul>\n\t\t\t\t\t\t<\/div>\n\t\t\t\t<\/div>\n\t\t\t\t<div class=\"elementor-element elementor-element-bb25156 elementor-mobile-align-justify elementor-align-justify elementor-widget elementor-widget-button\" data-id=\"bb25156\" data-element_type=\"widget\" data-e-type=\"widget\" data-widget_type=\"button.default\">\n\t\t\t\t<div class=\"elementor-widget-container\">\n\t\t\t\t\t\t\t\t\t<div class=\"elementor-button-wrapper\">\n\t\t\t\t\t<a class=\"elementor-button elementor-button-link elementor-size-sm\" href=\"https:\/\/matteoarfanotti.com\/es\/contatti\/\">\n\t\t\t\t\t\t<span class=\"elementor-button-content-wrapper\">\n\t\t\t\t\t\t\t\t\t<span class=\"elementor-button-text\">Contacto<\/span>\n\t\t\t\t\t<\/span>\n\t\t\t\t\t<\/a>\n\t\t\t\t<\/div>\n\t\t\t\t\t\t\t\t<\/div>\n\t\t\t\t<\/div>\n\t\t\t\t<\/div>\n\t\t\t\t<\/div>\n\t\t\t\t<\/div>\n\t\t\t\t\t<\/div>\n\t\t\t\t<\/div>\n\t\t\t\t<\/div>","protected":false},"excerpt":{"rendered":"<p>Workshop e corsi online Cos\u2019\u00e8 per me l\u2019insegnamento \u201cNiente \u00e8 veramente nostro finch\u00e9 non lo condividiamo\u201d. Queste parole dello scrittore inglese C.S. Lewis riassumono perfettamente il motivo per cui amo girare il mondo tenendo workshop e corsi. L\u2019insegnamento \u00e8 un\u2019arte in s\u00e9, quando si condivide il proprio sapere con gli altri, si crea un legame [&hellip;]<\/p>\n","protected":false},"author":1,"featured_media":0,"parent":0,"menu_order":0,"comment_status":"closed","ping_status":"closed","template":"elementor_header_footer","meta":{"_acf_changed":false,"footnotes":""},"class_list":["post-822","page","type-page","status-publish","hentry"],"acf":[],"_links":{"self":[{"href":"https:\/\/matteoarfanotti.com\/es\/wp-json\/wp\/v2\/pages\/822","targetHints":{"allow":["GET"]}}],"collection":[{"href":"https:\/\/matteoarfanotti.com\/es\/wp-json\/wp\/v2\/pages"}],"about":[{"href":"https:\/\/matteoarfanotti.com\/es\/wp-json\/wp\/v2\/types\/page"}],"author":[{"embeddable":true,"href":"https:\/\/matteoarfanotti.com\/es\/wp-json\/wp\/v2\/users\/1"}],"replies":[{"embeddable":true,"href":"https:\/\/matteoarfanotti.com\/es\/wp-json\/wp\/v2\/comments?post=822"}],"version-history":[{"count":79,"href":"https:\/\/matteoarfanotti.com\/es\/wp-json\/wp\/v2\/pages\/822\/revisions"}],"predecessor-version":[{"id":1581,"href":"https:\/\/matteoarfanotti.com\/es\/wp-json\/wp\/v2\/pages\/822\/revisions\/1581"}],"wp:attachment":[{"href":"https:\/\/matteoarfanotti.com\/es\/wp-json\/wp\/v2\/media?parent=822"}],"curies":[{"name":"wp","href":"https:\/\/api.w.org\/{rel}","templated":true}]}}