{"id":299,"date":"2024-03-25T16:08:59","date_gmt":"2024-03-25T16:08:59","guid":{"rendered":"https:\/\/matteoarfanotti.com\/?page_id=299"},"modified":"2024-08-09T14:04:43","modified_gmt":"2024-08-09T14:04:43","slug":"chi-sono","status":"publish","type":"page","link":"https:\/\/matteoarfanotti.com\/fr\/chi-sono\/","title":{"rendered":"Qui je suis"},"content":{"rendered":"<div data-elementor-type=\"wp-page\" data-elementor-id=\"299\" class=\"elementor elementor-299\" data-elementor-post-type=\"page\">\n\t\t\t\t<div class=\"elementor-element elementor-element-290b504 e-flex e-con-boxed e-con e-parent\" data-id=\"290b504\" data-element_type=\"container\" data-e-type=\"container\">\n\t\t\t\t\t<div class=\"e-con-inner\">\n\t\t<div class=\"elementor-element elementor-element-ff6f35d e-con-full e-flex e-con e-child\" data-id=\"ff6f35d\" data-element_type=\"container\" data-e-type=\"container\">\n\t\t<div class=\"elementor-element elementor-element-0dd64db e-con-full e-flex e-con e-child\" data-id=\"0dd64db\" data-element_type=\"container\" data-e-type=\"container\">\n\t\t\t\t<div class=\"elementor-element elementor-element-4df3c77 elementor-widget elementor-widget-qi_addons_for_elementor_animated_text\" data-id=\"4df3c77\" data-element_type=\"widget\" data-e-type=\"widget\" data-widget_type=\"qi_addons_for_elementor_animated_text.default\">\n\t\t\t\t<div class=\"elementor-widget-container\">\n\t\t\t\t\t<div class=\"qodef-shortcode qodef-m qodef-qi-animated-text qodef--animated-by-word qodef--alignment-left qodef-qi--has-appear qodef--appear-from-bottom\" >\n\t\t<h2 class=\"qodef-m-title\">\n\t\t<span class=\"qodef-e-word\">Matteo<\/span> <span class=\"qodef-e-word\">Arfanotti<\/span>\t<\/h2>\n<\/div>\n\t\t\t\t<\/div>\n\t\t\t\t<\/div>\n\t\t\t\t<div class=\"elementor-element elementor-element-ef37655 elementor-widget elementor-widget-qi_addons_for_elementor_animated_text\" data-id=\"ef37655\" data-element_type=\"widget\" data-e-type=\"widget\" data-widget_type=\"qi_addons_for_elementor_animated_text.default\">\n\t\t\t\t<div class=\"elementor-widget-container\">\n\t\t\t\t\t<div class=\"qodef-shortcode qodef-m qodef-qi-animated-text qodef--animated-by-word qodef--alignment-left qodef-qi--has-appear qodef--appear-from-bottom\" >\n\t\t<h1 class=\"qodef-m-title translation-block\"><span class=\"qodef-e-word\">Artiste<\/span> <span class=\"qodef-e-word\">professionnel<\/span> <span class=\"qodef-e-word\">en peinture<\/span> <span class=\"qodef-e-word\">corporelle<\/span><\/h1>\n<\/div>\n\t\t\t\t<\/div>\n\t\t\t\t<\/div>\n\t\t\t\t<div class=\"elementor-element elementor-element-012d444 animated-fast elementor-widget__width-initial elementor-invisible elementor-widget elementor-widget-heading\" data-id=\"012d444\" data-element_type=\"widget\" data-e-type=\"widget\" data-settings=\"{&quot;_animation&quot;:&quot;fadeInUp&quot;,&quot;_animation_delay&quot;:100}\" data-widget_type=\"heading.default\">\n\t\t\t\t<div class=\"elementor-widget-container\">\n\t\t\t\t\t<p class=\"elementor-heading-title elementor-size-default\">Mes tableaux sont r\u00e9alis\u00e9s \u00e0 technique mixte, sur un support de bitume de Jud\u00e9e avec de rehauts\n\u00e0 touches de bistouri, en utilisant apr\u00e8s surtout des couleurs acryliques et des glacis \u00e0 l\u2019huile. C\u2019est\nainsi que mon monde, mes r\u00eaves, mes fantaisies prennent forme \u00e0 l\u2019aide de pinceaux et couleurs.<\/p>\t\t\t\t<\/div>\n\t\t\t\t<\/div>\n\t\t\t\t<div class=\"elementor-element elementor-element-b7ae5ee animated-fast elementor-widget__width-initial elementor-invisible elementor-widget elementor-widget-heading\" data-id=\"b7ae5ee\" data-element_type=\"widget\" data-e-type=\"widget\" data-settings=\"{&quot;_animation&quot;:&quot;fadeInUp&quot;,&quot;_animation_delay&quot;:100}\" data-widget_type=\"heading.default\">\n\t\t\t\t<div class=\"elementor-widget-container\">\n\t\t\t\t\t<p class=\"elementor-heading-title elementor-size-default\">Une fois termin\u00e9 mes \u00e9tudes d\u2019Architecture et apr\u00e8s le d\u00e9marrage d\u2019un parcours artistique de Peinture qui\npoursuit m\u00eame \u00e0 pr\u00e9sent, je me suis retrouv\u00e9 dans le monde magique de la Peinture Corporelle ou\nBodypainting, ce qui a mon c\u0153ur et en m\u00eame temps m\u2019a ouvert les portes du monde\u00a0! Je suis tout d\u2019abord\ndevenu Champion Italien de Peinture Corporelle et apr\u00e8s Champion du Monde de Peinture de Visage ou\nFacepainting et par suite de cela ma vie a \u00e9t\u00e9 compl\u00e8tement transform\u00e9e et aujourd\u2019hui elle est devenue\nune alternance entre la programmation de voyages, d\u2019\u00e9v\u00e9nements et d\u2019ateliers, la cr\u00e9ation de projets et de\nr\u00e9alisations de peinture corporelle et de visage pour d\u00e9monstrations, cours et performances.<\/p>\t\t\t\t<\/div>\n\t\t\t\t<\/div>\n\t\t\t\t<div class=\"elementor-element elementor-element-112f815 animated-fast elementor-widget__width-initial elementor-invisible elementor-widget elementor-widget-heading\" data-id=\"112f815\" data-element_type=\"widget\" data-e-type=\"widget\" data-settings=\"{&quot;_animation&quot;:&quot;fadeInUp&quot;,&quot;_animation_delay&quot;:100}\" data-widget_type=\"heading.default\">\n\t\t\t\t<div class=\"elementor-widget-container\">\n\t\t\t\t\t<p class=\"elementor-heading-title elementor-size-default\">Quand je ne suis pas un globe-trotteur, je vis dans la campagne de Toscane pas loin de la mer avec\nFrancesca, ma femme et ma compagne de vie mais surtout l\u2019un des piliers de mon \u00e9quipe, et Mera, une\nchatte rouge qui est rev\u00eache et c\u00e2line en m\u00eame temps.<\/p>\t\t\t\t<\/div>\n\t\t\t\t<\/div>\n\t\t\t\t<\/div>\n\t\t<div class=\"elementor-element elementor-element-820c084 e-con-full e-flex e-con e-child\" data-id=\"820c084\" data-element_type=\"container\" data-e-type=\"container\">\n\t\t\t\t<div class=\"elementor-element elementor-element-9e582b4 elementor-widget elementor-widget-image\" data-id=\"9e582b4\" data-element_type=\"widget\" data-e-type=\"widget\" data-widget_type=\"image.default\">\n\t\t\t\t<div class=\"elementor-widget-container\">\n\t\t\t\t\t\t\t\t\t\t\t\t\t\t\t<img fetchpriority=\"high\" decoding=\"async\" width=\"1200\" height=\"795\" src=\"https:\/\/matteoarfanotti.com\/wp-content\/uploads\/2024\/04\/MatteoArfanotti.webp\" class=\"attachment-full size-full wp-image-632\" alt=\"\" srcset=\"https:\/\/matteoarfanotti.com\/wp-content\/uploads\/2024\/04\/MatteoArfanotti.webp 1200w, https:\/\/matteoarfanotti.com\/wp-content\/uploads\/2024\/04\/MatteoArfanotti-300x199.webp 300w, https:\/\/matteoarfanotti.com\/wp-content\/uploads\/2024\/04\/MatteoArfanotti-1024x678.webp 1024w, https:\/\/matteoarfanotti.com\/wp-content\/uploads\/2024\/04\/MatteoArfanotti-768x509.webp 768w\" sizes=\"(max-width: 1200px) 100vw, 1200px\" \/>\t\t\t\t\t\t\t\t\t\t\t\t\t\t\t<\/div>\n\t\t\t\t<\/div>\n\t\t\t\t<\/div>\n\t\t\t\t<\/div>\n\t\t\t\t\t<\/div>\n\t\t\t\t<\/div>\n\t\t<div class=\"elementor-element elementor-element-9f6f438 e-flex e-con-boxed e-con e-parent\" data-id=\"9f6f438\" data-element_type=\"container\" data-e-type=\"container\">\n\t\t\t\t\t<div class=\"e-con-inner\">\n\t\t<div class=\"elementor-element elementor-element-7391871 e-con-full e-flex e-con e-child\" data-id=\"7391871\" data-element_type=\"container\" data-e-type=\"container\">\n\t\t<div class=\"elementor-element elementor-element-3a1a8fa e-con-full e-flex e-con e-child\" data-id=\"3a1a8fa\" data-element_type=\"container\" data-e-type=\"container\">\n\t\t<div class=\"elementor-element elementor-element-da00312 e-con-full e-flex e-con e-child\" data-id=\"da00312\" data-element_type=\"container\" data-e-type=\"container\">\n\t\t\t\t<div class=\"elementor-element elementor-element-8b4084d animated-fast elementor-invisible elementor-widget elementor-widget-heading\" data-id=\"8b4084d\" data-element_type=\"widget\" data-e-type=\"widget\" data-settings=\"{&quot;_animation&quot;:&quot;fadeInUp&quot;,&quot;_animation_delay&quot;:100}\" data-widget_type=\"heading.default\">\n\t\t\t\t<div class=\"elementor-widget-container\">\n\t\t\t\t\t<h1 class=\"elementor-heading-title elementor-size-default\">Pour le reste \u2026 je vous laisse \u00e0 ma biographie qui va vous parler de moi!<\/h1>\t\t\t\t<\/div>\n\t\t\t\t<\/div>\n\t\t\t\t<div class=\"elementor-element elementor-element-5e12461 animated-fast elementor-invisible elementor-widget elementor-widget-heading\" data-id=\"5e12461\" data-element_type=\"widget\" data-e-type=\"widget\" data-settings=\"{&quot;_animation&quot;:&quot;fadeInUp&quot;,&quot;_animation_delay&quot;:100}\" data-widget_type=\"heading.default\">\n\t\t\t\t<div class=\"elementor-widget-container\">\n\t\t\t\t\t<p class=\"elementor-heading-title elementor-size-default\">Peintre Corporel de renomm\u00e9e internationale, Matteo Arfanotti a \u00e9t\u00e9 trois fois Champion du Monde\u00a0: en\n2013 pour la premi\u00e8re fois dans l\u2019histoire du World Bodypainting Festival, il a obtenu soit le titre de\nChampion du Monde de Bodypainting et Facepainting et encore en 2018 quand il a obtenu le titre mondial\nde la cat\u00e9gorie Team Show Award avec son ami Nick Wolfe, artiste et pluri-champion am\u00e9ricain.<\/p>\t\t\t\t<\/div>\n\t\t\t\t<\/div>\n\t\t\t\t<\/div>\n\t\t\t\t<\/div>\n\t\t<div class=\"elementor-element elementor-element-55e5c1b e-con-full e-flex e-con e-child\" data-id=\"55e5c1b\" data-element_type=\"container\" data-e-type=\"container\">\n\t\t<div class=\"elementor-element elementor-element-2e31355 e-con-full e-flex e-con e-child\" data-id=\"2e31355\" data-element_type=\"container\" data-e-type=\"container\">\n\t\t\t\t<div class=\"elementor-element elementor-element-013ac1f animated-fast elementor-invisible elementor-widget elementor-widget-heading\" data-id=\"013ac1f\" data-element_type=\"widget\" data-e-type=\"widget\" data-settings=\"{&quot;_animation&quot;:&quot;fadeInUp&quot;,&quot;_animation_delay&quot;:100}\" data-widget_type=\"heading.default\">\n\t\t\t\t<div class=\"elementor-widget-container\">\n\t\t\t\t\t<p class=\"elementor-heading-title elementor-size-default\">Artiste \u00e9clectique, curieux et depuis toujours fascin\u00e9 par les nouvelles formes d\u2019art et d\u2019exp\u00e9rimentation, il\na su combiner sa passion pour la peinture et ses \u00e9tudes d\u2019architecture, tout en cr\u00e9ant son propre parcours\nde recherche en tension continuelle entre inspiration artistique et rigueur scientifique, ce qui l\u2019a men\u00e9 \u00e0 un\n\u00e9clectisme qui conjugue des disciplines et des techniques diverses en une synth\u00e8se qui est toujours\nnouvelle et originale.<\/p>\t\t\t\t<\/div>\n\t\t\t\t<\/div>\n\t\t\t\t<div class=\"elementor-element elementor-element-f964c8a animated-fast elementor-invisible elementor-widget elementor-widget-heading\" data-id=\"f964c8a\" data-element_type=\"widget\" data-e-type=\"widget\" data-settings=\"{&quot;_animation&quot;:&quot;fadeInUp&quot;,&quot;_animation_delay&quot;:100}\" data-widget_type=\"heading.default\">\n\t\t\t\t<div class=\"elementor-widget-container\">\n\t\t\t\t\t<p class=\"elementor-heading-title elementor-size-default\">Apr\u00e8s plus de vingt ans d\u00e9di\u00e9s au dessin, \u00e0 la peinture et \u00e0 l\u2019installation, en 2010 il se rapproche au monde\nde la Peinture Corporelle et il en reste envout\u00e9, fascin\u00e9 par son extraordinaire capacit\u00e9 de donner vie \u00e0 ses\n\u0153uvres et ses cr\u00e9atures \u00e9ph\u00e9m\u00e8res qui ne durent que quelques heures. En 2012, seulement deux ans plus\ntard, il remporte le titre de Champion Italien de Bodypainting, et l\u2019ann\u00e9e suivante les deux titres mondiaux\n\u2013 et un troisi\u00e8me en 2018.<\/p>\t\t\t\t<\/div>\n\t\t\t\t<\/div>\n\t\t\t\t<\/div>\n\t\t\t\t<\/div>\n\t\t\t\t<\/div>\n\t\t<div class=\"elementor-element elementor-element-7ffe423 e-con-full e-flex e-con e-child\" data-id=\"7ffe423\" data-element_type=\"container\" data-e-type=\"container\">\n\t\t<div class=\"elementor-element elementor-element-43f86ce e-con-full e-flex e-con e-child\" data-id=\"43f86ce\" data-element_type=\"container\" data-e-type=\"container\">\n\t\t\t\t<div class=\"elementor-element elementor-element-32c7b84 elementor-widget elementor-widget-n-accordion\" data-id=\"32c7b84\" data-element_type=\"widget\" data-e-type=\"widget\" data-settings=\"{&quot;default_state&quot;:&quot;all_collapsed&quot;,&quot;max_items_expended&quot;:&quot;one&quot;,&quot;n_accordion_animation_duration&quot;:{&quot;unit&quot;:&quot;ms&quot;,&quot;size&quot;:400,&quot;sizes&quot;:[]}}\" data-widget_type=\"nested-accordion.default\">\n\t\t\t\t<div class=\"elementor-widget-container\">\n\t\t\t\t\t\t\t<div class=\"e-n-accordion\" aria-label=\"Accordion. Open links with Enter or Space, close with Escape, and navigate with Arrow Keys\">\n\t\t\t\t\t\t<details id=\"e-n-accordion-item-5320\" class=\"e-n-accordion-item\" >\n\t\t\t\t<summary class=\"e-n-accordion-item-title\" data-accordion-index=\"1\" tabindex=\"0\" aria-expanded=\"false\" aria-controls=\"e-n-accordion-item-5320\" >\n\t\t\t\t\t<span class='e-n-accordion-item-title-header'><div class=\"e-n-accordion-item-title-text\"> En savoir plus <\/div><\/span>\n\t\t\t\t\t\t\t\t\t<\/summary>\n\t\t\t\t<div role=\"region\" aria-labelledby=\"e-n-accordion-item-5320\" class=\"elementor-element elementor-element-f557af1 e-con-full e-flex e-con e-child\" data-id=\"f557af1\" data-element_type=\"container\" data-e-type=\"container\">\n\t\t<div role=\"region\" aria-labelledby=\"e-n-accordion-item-5320\" class=\"elementor-element elementor-element-70f5632 e-con-full e-flex e-con e-child\" data-id=\"70f5632\" data-element_type=\"container\" data-e-type=\"container\">\n\t\t<div role=\"region\" aria-labelledby=\"e-n-accordion-item-5320\" class=\"elementor-element elementor-element-687f41c e-con-full e-flex e-con e-child\" data-id=\"687f41c\" data-element_type=\"container\" data-e-type=\"container\">\n\t\t<div role=\"region\" aria-labelledby=\"e-n-accordion-item-5320\" class=\"elementor-element elementor-element-a4ce857 e-con-full e-flex e-con e-child\" data-id=\"a4ce857\" data-element_type=\"container\" data-e-type=\"container\">\n\t\t\t\t<div class=\"elementor-element elementor-element-2ce871e animated-fast elementor-widget elementor-widget-heading\" data-id=\"2ce871e\" data-element_type=\"widget\" data-e-type=\"widget\" data-settings=\"{&quot;_animation&quot;:&quot;none&quot;,&quot;_animation_delay&quot;:100}\" data-widget_type=\"heading.default\">\n\t\t\t\t<div class=\"elementor-widget-container\">\n\t\t\t\t\t<p class=\"elementor-heading-title elementor-size-default\">De Nombreux autres prix et titres sont arriv\u00e9s \u00e0 la suite, autant en Italie que \u00e0 l\u2019\u00e9tranger, ce qui lui a ouvert\nles portes des cinq continents tout en le rendant l\u2019un des peintres corporels plus appr\u00e9ci\u00e9s et recherch\u00e9s au\nniveau international. Il est en effet l\u2019un des plus estim\u00e9s enseignants de cette discipline, gr\u00e2ce \u00e0 ses\nrenomm\u00e9s effets tri-dimensionnels et \u00e0 ses \u00ab\u00a0monstrueux visages\u00a0\u00bb avec lesquels il arrive \u00e0 cr\u00e9er l\u2019illusion\nd\u2019un changement total des traits et des expressions du visage. Il a pris part, soit comme invit\u00e9 soit comme\nenseignant, aux plus importantes conventions internationales de Peinture de Visage et Peinture Corporelle.\nIl a aussi tenu des ateliers en plusieurs pays d\u2019Europe et du monde \u2013 parmi lesquels Isra\u00ebl, Etats Unis,\n\nCanada, Mexico, Costa Rica, Br\u00e9sil, Australie, Nouvelle Z\u00e9lande et Cor\u00e9e du Sud. Plusieurs entre ses\n\u00e9tudiants sont \u00e0 leur tour devenus des artistes renomm\u00e9s au niveau mondial.\n<br><br>\nProfesseur invit\u00e9 chez maintes acad\u00e9mies de maquillage de poids international, comme la MBC MakeUp\nBeauty Academy de Seoul, la Metamorphoses de Strasbourg et Montpellier, la Make-Up For Ever Academy\nde Paris et leur affili\u00e9e italienne La Truccheria de Bologna. Invit\u00e9 et jur\u00e9 aupr\u00e8s des plus importants\nconcours internationaux, ses performances artistiques, qu\u2019il a r\u00e9alis\u00e9es pour l\u2019\u00e9mission t\u00e9l\u00e9vis\u00e9e \u201cThe\nApprentice\u201d en 2012, sont tr\u00e8s demand\u00e9es, et \u00e9galement celles r\u00e9alis\u00e9es pour des \u00e9v\u00e9nements importants\ntels que \u201cVision Award\u201d aupr\u00e8s du Festival du Cin\u00e9ma de Locarno en 2013, le show d\u2019ouverture pour le\nGrand Prix de Formule 1 de Singapore en 2014, le TelAviv Party aupr\u00e8s du Pavillon Isra\u00e9lien de EXPO2015 \u00e0\nMilan, le Sulmona International Film Festival en 2017, le Bodypainting Event chez Sofitel Malabo en Guin\u00e9e\nEquatoriale en 2017, l\u2019IMATS International Make-Up Artist Trade Show de Londres en 2018, les shows pour\nla Nouvelle Ann\u00e9e 2019 \u201cPalace in the Sea\u201d et pour la Nouvelle Ann\u00e9e 2020 \u201cDreamland\u201d organis\u00e9s par OZ\nEventi pour le Badrutt\u2019s Palace Hotel de Saint Moritz en Suisse, avec la r\u00e9alisation de 10 peintures\ncorporelles sur les danseurs du corps de ballet d\u2019Equilibre Events, le Demo Corner chez The Prosthetics\nEvent de Coventry en 2022 et 2023.<\/p>\t\t\t\t<\/div>\n\t\t\t\t<\/div>\n\t\t\t\t<\/div>\n\t\t\t\t<\/div>\n\t\t<div role=\"region\" aria-labelledby=\"e-n-accordion-item-5320\" class=\"elementor-element elementor-element-07064aa e-con-full e-flex e-con e-child\" data-id=\"07064aa\" data-element_type=\"container\" data-e-type=\"container\">\n\t\t<div role=\"region\" aria-labelledby=\"e-n-accordion-item-5320\" class=\"elementor-element elementor-element-1f0e006 e-con-full e-flex e-con e-child\" data-id=\"1f0e006\" data-element_type=\"container\" data-e-type=\"container\">\n\t\t\t\t<div class=\"elementor-element elementor-element-83485b3 animated-fast elementor-widget elementor-widget-heading\" data-id=\"83485b3\" data-element_type=\"widget\" data-e-type=\"widget\" data-settings=\"{&quot;_animation&quot;:&quot;none&quot;,&quot;_animation_delay&quot;:100}\" data-widget_type=\"heading.default\">\n\t\t\t\t<div class=\"elementor-widget-container\">\n\t\t\t\t\t<p class=\"elementor-heading-title elementor-size-default\">Nombreuses sont les performances artistiques qu\u2019il a r\u00e9alis\u00e9es aupr\u00e8s d\u2019\u00e9v\u00e9nements et festivals de\npeinture corporelle, tatouage et burlesque et en occasion de manifestations artistiques, f\u00eates, spectacles et\n\u00e9v\u00e9nements promotionnels pour d\u2019importantes entreprises italiennes et \u00e9trang\u00e8res. D\u00e8s 2012 il s\u2019occupe\ndu maquillage des figurants prenant part au d\u00e9fil\u00e9 des chariots all\u00e9goriques de premi\u00e8re cat\u00e9gorie du\nCarnaval de Viareggio \u2013 les premi\u00e8res ann\u00e9es avec l\u2019\u00e9quipe des Fratelli Bonetti et apr\u00e8s, depuis 2020, avec\ncelle de Jacopo Allegrucci.\nDans le domaine cin\u00e9matographique, il a aussi r\u00e9alis\u00e9 le maquillage prosth\u00e9tique pour les effets sp\u00e9ciaux\nsur des squelettes utilis\u00e9es comme accessoires dans le film \u00ab\u00a0Agadah\u00a0\u00bb de Alberto Rondalli en 2017 et en\nqualit\u00e9 d\u2019enseignant il a pris part au 16 e Stage National Fedic \u00ab\u00a0Anche questo \u00e8 fare cinema\u00a0\u00bb avec une\n\u00ab\u00a0masterclass\u00a0\u00bb sur le maquillage \u00ab\u00a0splatter \u00bb.\nIl vit \u00e0 Fosdinovo, en Toscane, et travaille soit en Italie soit dans le reste du monde.<\/p>\t\t\t\t<\/div>\n\t\t\t\t<\/div>\n\t\t\t\t<div class=\"elementor-element elementor-element-3471c2c elementor-widget elementor-widget-image\" data-id=\"3471c2c\" data-element_type=\"widget\" data-e-type=\"widget\" data-widget_type=\"image.default\">\n\t\t\t\t<div class=\"elementor-widget-container\">\n\t\t\t\t\t\t\t\t\t\t\t\t\t\t\t<img decoding=\"async\" width=\"1200\" height=\"795\" src=\"https:\/\/matteoarfanotti.com\/wp-content\/uploads\/2024\/04\/MatteoArfanotti_ItalianBF2019.webp\" class=\"attachment-full size-full wp-image-630\" alt=\"\" srcset=\"https:\/\/matteoarfanotti.com\/wp-content\/uploads\/2024\/04\/MatteoArfanotti_ItalianBF2019.webp 1200w, https:\/\/matteoarfanotti.com\/wp-content\/uploads\/2024\/04\/MatteoArfanotti_ItalianBF2019-300x199.webp 300w, https:\/\/matteoarfanotti.com\/wp-content\/uploads\/2024\/04\/MatteoArfanotti_ItalianBF2019-1024x678.webp 1024w, https:\/\/matteoarfanotti.com\/wp-content\/uploads\/2024\/04\/MatteoArfanotti_ItalianBF2019-768x509.webp 768w\" sizes=\"(max-width: 1200px) 100vw, 1200px\" \/>\t\t\t\t\t\t\t\t\t\t\t\t\t\t\t<\/div>\n\t\t\t\t<\/div>\n\t\t\t\t<\/div>\n\t\t\t\t<\/div>\n\t\t\t\t<\/div>\n\t\t\t\t<\/div>\n\t\t\t\t\t<\/details>\n\t\t\t\t\t<\/div>\n\t\t\t\t\t\t<\/div>\n\t\t\t\t<\/div>\n\t\t\t\t<\/div>\n\t\t\t\t<\/div>\n\t\t\t\t\t<\/div>\n\t\t\t\t<\/div>\n\t\t\t\t<\/div>","protected":false},"excerpt":{"rendered":"<p>Matteo Arfanotti Artista Body Painting Professionale Sono un pittore e un bodypainter, un artista che vive perennemente con il pennello in una mano e la valigia nell\u2019altra! Sono riuscito con impegno, creativit\u00e0 e un po\u2019 di fortuna a fare della mia passione un lavoro, ma sono sempre alla ricerca di nuovi stimoli, nuove sfide e [&hellip;]<\/p>\n","protected":false},"author":1,"featured_media":0,"parent":0,"menu_order":0,"comment_status":"closed","ping_status":"closed","template":"elementor_header_footer","meta":{"_acf_changed":false,"footnotes":""},"class_list":["post-299","page","type-page","status-publish","hentry"],"acf":[],"_links":{"self":[{"href":"https:\/\/matteoarfanotti.com\/fr\/wp-json\/wp\/v2\/pages\/299","targetHints":{"allow":["GET"]}}],"collection":[{"href":"https:\/\/matteoarfanotti.com\/fr\/wp-json\/wp\/v2\/pages"}],"about":[{"href":"https:\/\/matteoarfanotti.com\/fr\/wp-json\/wp\/v2\/types\/page"}],"author":[{"embeddable":true,"href":"https:\/\/matteoarfanotti.com\/fr\/wp-json\/wp\/v2\/users\/1"}],"replies":[{"embeddable":true,"href":"https:\/\/matteoarfanotti.com\/fr\/wp-json\/wp\/v2\/comments?post=299"}],"version-history":[{"count":79,"href":"https:\/\/matteoarfanotti.com\/fr\/wp-json\/wp\/v2\/pages\/299\/revisions"}],"predecessor-version":[{"id":1560,"href":"https:\/\/matteoarfanotti.com\/fr\/wp-json\/wp\/v2\/pages\/299\/revisions\/1560"}],"wp:attachment":[{"href":"https:\/\/matteoarfanotti.com\/fr\/wp-json\/wp\/v2\/media?parent=299"}],"curies":[{"name":"wp","href":"https:\/\/api.w.org\/{rel}","templated":true}]}}