{"id":822,"date":"2024-05-30T09:04:16","date_gmt":"2024-05-30T09:04:16","guid":{"rendered":"https:\/\/matteoarfanotti.com\/?page_id=822"},"modified":"2024-08-09T14:36:52","modified_gmt":"2024-08-09T14:36:52","slug":"eventi-workshop","status":"publish","type":"page","link":"https:\/\/matteoarfanotti.com\/fr\/eventi-workshop\/","title":{"rendered":"Eventi Workshop"},"content":{"rendered":"<div data-elementor-type=\"wp-page\" data-elementor-id=\"822\" class=\"elementor elementor-822\" data-elementor-post-type=\"page\">\n\t\t\t\t<div class=\"elementor-element elementor-element-b83742f e-flex e-con-boxed e-con e-parent\" data-id=\"b83742f\" data-element_type=\"container\" data-e-type=\"container\">\n\t\t\t\t\t<div class=\"e-con-inner\">\n\t\t<div class=\"elementor-element elementor-element-065a620 e-con-full e-flex e-con e-child\" data-id=\"065a620\" data-element_type=\"container\" data-e-type=\"container\">\n\t\t\t\t<div class=\"elementor-element elementor-element-32b4c48 elementor-widget elementor-widget-qi_addons_for_elementor_animated_text\" data-id=\"32b4c48\" data-element_type=\"widget\" data-e-type=\"widget\" data-widget_type=\"qi_addons_for_elementor_animated_text.default\">\n\t\t\t\t<div class=\"elementor-widget-container\">\n\t\t\t\t\t<div class=\"qodef-shortcode qodef-m qodef-qi-animated-text qodef--animated-by-word qodef--alignment-left qodef-qi--has-appear qodef--appear-from-bottom\" >\n\t\t<h2 class=\"qodef-m-title\">\n\t\t<span class=\"qodef-e-word\">Ateliers<\/span> <span class=\"qodef-e-word\">et<\/span> <span class=\"qodef-e-word\">course<\/span> <span class=\"qodef-e-word\">en ligne<\/span>\t<\/h2>\n<\/div>\n\t\t\t\t<\/div>\n\t\t\t\t<\/div>\n\t\t\t\t<\/div>\n\t\t<div class=\"elementor-element elementor-element-5671f5f e-con-full e-flex e-con e-child\" data-id=\"5671f5f\" data-element_type=\"container\" data-e-type=\"container\">\n\t\t<div class=\"elementor-element elementor-element-b04840b e-con-full e-flex e-con e-child\" data-id=\"b04840b\" data-element_type=\"container\" data-e-type=\"container\">\n\t\t<div class=\"elementor-element elementor-element-1ae4f7f e-con-full e-flex e-con e-child\" data-id=\"1ae4f7f\" data-element_type=\"container\" data-e-type=\"container\">\n\t\t\t\t<div class=\"elementor-element elementor-element-f69788b animated-fast elementor-invisible elementor-widget elementor-widget-heading\" data-id=\"f69788b\" data-element_type=\"widget\" data-e-type=\"widget\" data-settings=\"{&quot;_animation&quot;:&quot;fadeInUp&quot;,&quot;_animation_delay&quot;:100}\" data-widget_type=\"heading.default\">\n\t\t\t\t<div class=\"elementor-widget-container\">\n\t\t\t\t\t<h1 class=\"elementor-heading-title elementor-size-default\">Ce que l&#039;enseignement repr\u00e9sente pour moi<\/h1>\t\t\t\t<\/div>\n\t\t\t\t<\/div>\n\t\t\t\t<div class=\"elementor-element elementor-element-cbdb29a animated-fast elementor-invisible elementor-widget elementor-widget-heading\" data-id=\"cbdb29a\" data-element_type=\"widget\" data-e-type=\"widget\" data-settings=\"{&quot;_animation&quot;:&quot;fadeInUp&quot;,&quot;_animation_delay&quot;:100}\" data-widget_type=\"heading.default\">\n\t\t\t\t<div class=\"elementor-widget-container\">\n\t\t\t\t\t<p class=\"elementor-heading-title elementor-size-default\"><b>\"Rien n'est vraiment n\u00f4tre \u00e0 moins que nous ne le partagions\"<\/b> Ces mots de\nl&#039;\u00e9crivain anglais C.S. Lewis r\u00e9sument parfaitement pourquoi j&#039;aime parcourir le\nmonde pour animer des ateliers et des cours.\n<br><br>\nL&#039;enseignement est un art en soi ; lorsque vous partagez votre savoir avec les autres,\nvous cr\u00e9ez un lien profond qui va au-del\u00e0 des mots et des concepts. Et lorsqu&#039;il s&#039;agit\nd&#039;enseigner l&#039;art, cette connexion devient encore plus intense.\n<br><br>\nOn commence par quelques notions de th\u00e9orie puis on fait de nombreux exercices,\nmais la vraie beaut\u00e9 de l&#039;enseignement r\u00e9side dans la capacit\u00e9 \u00e0 inspirer mes \u00e9l\u00e8ves,\n\u00e0 voir leurs yeux s&#039;illuminer lorsqu&#039;ils r\u00e9ussissent quelque chose de nouveau,\nlorsqu&#039;ils r\u00e9alisent un effet ou une astuce qui les remplit de fiert\u00e9.<\/p>\t\t\t\t<\/div>\n\t\t\t\t<\/div>\n\t\t\t\t<\/div>\n\t\t\t\t<\/div>\n\t\t<div class=\"elementor-element elementor-element-3852037 e-con-full e-flex e-con e-child\" data-id=\"3852037\" data-element_type=\"container\" data-e-type=\"container\">\n\t\t<div class=\"elementor-element elementor-element-ab492ed e-con-full e-flex e-con e-child\" data-id=\"ab492ed\" data-element_type=\"container\" data-e-type=\"container\">\n\t\t\t\t<div class=\"elementor-element elementor-element-d6c290a animated-fast elementor-invisible elementor-widget elementor-widget-heading\" data-id=\"d6c290a\" data-element_type=\"widget\" data-e-type=\"widget\" data-settings=\"{&quot;_animation&quot;:&quot;fadeInUp&quot;,&quot;_animation_delay&quot;:100}\" data-widget_type=\"heading.default\">\n\t\t\t\t<div class=\"elementor-widget-container\">\n\t\t\t\t\t<p class=\"elementor-heading-title elementor-size-default\">La plus grande satisfaction est de voir leurs progr\u00e8s et de pouvoir se r\u00e9jouir de leurs\nsucc\u00e8s. Je re\u00e7ois souvent des messages de remerciement avec des photos des\ntravaux qu&#039;ils ont r\u00e9alis\u00e9s pour un \u00e9v\u00e9nement, un concours ou une mission.\n<br><br>\nEnseigner l&#039;art est un privil\u00e8ge ; il ne s&#039;agit pas seulement d&#039;apprendre \u00e0 dessiner,\nmais avant tout d&#039;observer, de voir, de comprendre, d&#039;interpr\u00e9ter. Et dans ces\nmoments-l\u00e0, je reviens \u00e9galement \u00e0 l\u2019apprentissage : voir le monde \u00e0 travers les\nyeux de ceux qui cr\u00e9ent, capter la beaut\u00e9 cach\u00e9e dans les nuances et les d\u00e9tails.\nC&#039;est un voyage sans fin, une \u0153uvre d&#039;art en constante \u00e9volution.<\/p>\t\t\t\t<\/div>\n\t\t\t\t<\/div>\n\t\t\t\t<\/div>\n\t\t\t\t<\/div>\n\t\t\t\t<\/div>\n\t\t<div class=\"elementor-element elementor-element-1da7ce2 e-con-full e-flex e-con e-child\" data-id=\"1da7ce2\" data-element_type=\"container\" data-e-type=\"container\">\n\t\t<div class=\"elementor-element elementor-element-ae3a2fa e-con-full animated-fast e-flex elementor-invisible e-con e-child\" data-id=\"ae3a2fa\" data-element_type=\"container\" data-e-type=\"container\" id=\"presenza\" data-settings=\"{&quot;background_background&quot;:&quot;classic&quot;,&quot;animation&quot;:&quot;fadeInUp&quot;,&quot;animation_delay&quot;:150}\">\n\t\t<div class=\"elementor-element elementor-element-2393caa e-con-full e-flex e-con e-child\" data-id=\"2393caa\" data-element_type=\"container\" data-e-type=\"container\" data-settings=\"{&quot;background_background&quot;:&quot;classic&quot;}\">\n\t\t\t\t<div class=\"elementor-element elementor-element-2d29c93 elementor-widget elementor-widget-image\" data-id=\"2d29c93\" data-element_type=\"widget\" data-e-type=\"widget\" data-widget_type=\"image.default\">\n\t\t\t\t<div class=\"elementor-widget-container\">\n\t\t\t\t\t\t\t\t\t\t\t\t\t\t\t<img fetchpriority=\"high\" decoding=\"async\" width=\"1200\" height=\"1199\" src=\"https:\/\/matteoarfanotti.com\/wp-content\/uploads\/2024\/07\/WS-in-presenza.webp\" class=\"attachment-full size-full wp-image-1152\" alt=\"\" srcset=\"https:\/\/matteoarfanotti.com\/wp-content\/uploads\/2024\/07\/WS-in-presenza.webp 1200w, https:\/\/matteoarfanotti.com\/wp-content\/uploads\/2024\/07\/WS-in-presenza-300x300.webp 300w, https:\/\/matteoarfanotti.com\/wp-content\/uploads\/2024\/07\/WS-in-presenza-1024x1024.webp 1024w, https:\/\/matteoarfanotti.com\/wp-content\/uploads\/2024\/07\/WS-in-presenza-150x150.webp 150w, https:\/\/matteoarfanotti.com\/wp-content\/uploads\/2024\/07\/WS-in-presenza-768x767.webp 768w, https:\/\/matteoarfanotti.com\/wp-content\/uploads\/2024\/07\/WS-in-presenza-12x12.webp 12w, https:\/\/matteoarfanotti.com\/wp-content\/uploads\/2024\/07\/WS-in-presenza-650x650.webp 650w\" sizes=\"(max-width: 1200px) 100vw, 1200px\" \/>\t\t\t\t\t\t\t\t\t\t\t\t\t\t\t<\/div>\n\t\t\t\t<\/div>\n\t\t\t\t<\/div>\n\t\t<div class=\"elementor-element elementor-element-a4d06b0 e-con-full e-flex e-con e-child\" data-id=\"a4d06b0\" data-element_type=\"container\" data-e-type=\"container\">\n\t\t\t\t<div class=\"elementor-element elementor-element-e5d1e9a elementor-widget elementor-widget-heading\" data-id=\"e5d1e9a\" data-element_type=\"widget\" data-e-type=\"widget\" data-widget_type=\"heading.default\">\n\t\t\t\t<div class=\"elementor-widget-container\">\n\t\t\t\t\t<h2 class=\"elementor-heading-title elementor-size-default\">Ateliers en pr\u00e9sentiel<\/h2>\t\t\t\t<\/div>\n\t\t\t\t<\/div>\n\t\t\t\t<div class=\"elementor-element elementor-element-b2c3f1a elementor-widget elementor-widget-heading\" data-id=\"b2c3f1a\" data-element_type=\"widget\" data-e-type=\"widget\" data-widget_type=\"heading.default\">\n\t\t\t\t<div class=\"elementor-widget-container\">\n\t\t\t\t\t<p class=\"elementor-heading-title elementor-size-default translation-block\">Qu'il s'agisse de cours de maquillage pour le visage ou de peinture corporelle, le\npoint de d\u00e9part est toujours l'\u00e9tude de la composition et celui des ombres et des\nlumi\u00e8res, car le but est de r\u00e9aliser un projet unitaire, donnant vie \u00e0 un personnage\nayant sa propre identit\u00e9, intrigant et surprenant, mais en m\u00eame temps cr\u00e9dible et\nefficace. Un effet <b>\u201cwow\u201d<\/b> qui peut \u00eatre amplifi\u00e9 par la cr\u00e9ation d'ornements\nprosth\u00e9tiques con\u00e7us et r\u00e9alis\u00e9s non pas comme de simples accessoires, mais\ncomme des v\u00e9ritables compl\u00e9ments du personnage. Une vision d'ensemble qui part\nde l'id\u00e9e, passe par le projet et se r\u00e9alise \u00e9tape par \u00e9tape, \u00e0 travers l'utilisation de\n\nmat\u00e9riaux et d'outils diff\u00e9rents, que nous apprenons \u00e0 conna\u00eetre et \u00e0 utiliser\nensemble.<\/p>\t\t\t\t<\/div>\n\t\t\t\t<\/div>\n\t\t\t\t<div class=\"elementor-element elementor-element-1e46a12 elementor-mobile-align-justify elementor-align-justify elementor-widget elementor-widget-button\" data-id=\"1e46a12\" data-element_type=\"widget\" data-e-type=\"widget\" data-widget_type=\"button.default\">\n\t\t\t\t<div class=\"elementor-widget-container\">\n\t\t\t\t\t\t\t\t\t<div class=\"elementor-button-wrapper\">\n\t\t\t\t\t<a class=\"elementor-button elementor-button-link elementor-size-sm\" href=\"https:\/\/matteoarfanotti.com\/fr\/workshop-calendario\/\">\n\t\t\t\t\t\t<span class=\"elementor-button-content-wrapper\">\n\t\t\t\t\t\t\t\t\t<span class=\"elementor-button-text\">D\u00e9couvrez les dates disponibles<\/span>\n\t\t\t\t\t<\/span>\n\t\t\t\t\t<\/a>\n\t\t\t\t<\/div>\n\t\t\t\t\t\t\t\t<\/div>\n\t\t\t\t<\/div>\n\t\t\t\t<\/div>\n\t\t\t\t<\/div>\n\t\t<div class=\"elementor-element elementor-element-ac82ea9 e-con-full animated-fast e-flex elementor-invisible e-con e-child\" data-id=\"ac82ea9\" data-element_type=\"container\" data-e-type=\"container\" id=\"online\" data-settings=\"{&quot;background_background&quot;:&quot;classic&quot;,&quot;animation&quot;:&quot;fadeInUp&quot;,&quot;animation_delay&quot;:150}\">\n\t\t<div class=\"elementor-element elementor-element-2709d45 e-con-full e-flex e-con e-child\" data-id=\"2709d45\" data-element_type=\"container\" data-e-type=\"container\" data-settings=\"{&quot;background_background&quot;:&quot;classic&quot;}\">\n\t\t\t\t<div class=\"elementor-element elementor-element-4a97d75 elementor-widget elementor-widget-image\" data-id=\"4a97d75\" data-element_type=\"widget\" data-e-type=\"widget\" data-widget_type=\"image.default\">\n\t\t\t\t<div class=\"elementor-widget-container\">\n\t\t\t\t\t\t\t\t\t\t\t\t\t\t\t<img decoding=\"async\" width=\"1052\" height=\"1052\" src=\"https:\/\/matteoarfanotti.com\/wp-content\/uploads\/2024\/07\/WS-online.webp\" class=\"attachment-full size-full wp-image-1151\" alt=\"\" srcset=\"https:\/\/matteoarfanotti.com\/wp-content\/uploads\/2024\/07\/WS-online.webp 1052w, https:\/\/matteoarfanotti.com\/wp-content\/uploads\/2024\/07\/WS-online-300x300.webp 300w, https:\/\/matteoarfanotti.com\/wp-content\/uploads\/2024\/07\/WS-online-1024x1024.webp 1024w, https:\/\/matteoarfanotti.com\/wp-content\/uploads\/2024\/07\/WS-online-150x150.webp 150w, https:\/\/matteoarfanotti.com\/wp-content\/uploads\/2024\/07\/WS-online-768x768.webp 768w, https:\/\/matteoarfanotti.com\/wp-content\/uploads\/2024\/07\/WS-online-12x12.webp 12w, https:\/\/matteoarfanotti.com\/wp-content\/uploads\/2024\/07\/WS-online-650x650.webp 650w\" sizes=\"(max-width: 1052px) 100vw, 1052px\" \/>\t\t\t\t\t\t\t\t\t\t\t\t\t\t\t<\/div>\n\t\t\t\t<\/div>\n\t\t\t\t<\/div>\n\t\t<div class=\"elementor-element elementor-element-b227e11 e-con-full e-flex e-con e-child\" data-id=\"b227e11\" data-element_type=\"container\" data-e-type=\"container\">\n\t\t\t\t<div class=\"elementor-element elementor-element-80936f0 elementor-widget elementor-widget-heading\" data-id=\"80936f0\" data-element_type=\"widget\" data-e-type=\"widget\" data-widget_type=\"heading.default\">\n\t\t\t\t<div class=\"elementor-widget-container\">\n\t\t\t\t\t<h2 class=\"elementor-heading-title elementor-size-default\">Cours en ligne<\/h2>\t\t\t\t<\/div>\n\t\t\t\t<\/div>\n\t\t\t\t<div class=\"elementor-element elementor-element-9a03ad2 elementor-widget elementor-widget-heading\" data-id=\"9a03ad2\" data-element_type=\"widget\" data-e-type=\"widget\" data-widget_type=\"heading.default\">\n\t\t\t\t<div class=\"elementor-widget-container\">\n\t\t\t\t\t<p class=\"elementor-heading-title elementor-size-default translation-block\">Si vous pr\u00e9f\u00e9rez suivre mes cours dans le confort de votre maison, en suivant les\nle\u00e7ons \u00e0 votre propre rythme, alors mes cours en ligne sont la solution qu'il vous\nfaut ! Des cours th\u00e9matiques et diff\u00e9renci\u00e9s, avec une s\u00e9lection de mes maquillages\nles plus embl\u00e9matiques et surprenants, d\u00e9crits avec des tutoriels vid\u00e9o \u00e9tape par\n\u00e9tape, des fiches maquillage indiquant les couleurs et les pinceaux n\u00e9cessaires, des\nface-charts pour cr\u00e9er des croquis, et l'acc\u00e8s \u00e0 un groupe Facebook exclusif pour les\nparticipants au cours, o\u00f9 vous pouvez obtenir de l'aide et partager les r\u00e9sultats. Et\nn'oubliez pas : une fois achet\u00e9, le cours est \u00e0 vous pour toujours!<\/p>\t\t\t\t<\/div>\n\t\t\t\t<\/div>\n\t\t\t\t<div class=\"elementor-element elementor-element-791635e elementor-mobile-align-justify elementor-align-justify elementor-widget elementor-widget-button\" data-id=\"791635e\" data-element_type=\"widget\" data-e-type=\"widget\" data-widget_type=\"button.default\">\n\t\t\t\t<div class=\"elementor-widget-container\">\n\t\t\t\t\t\t\t\t\t<div class=\"elementor-button-wrapper\">\n\t\t\t\t\t<a class=\"elementor-button elementor-button-link elementor-size-sm\" href=\"https:\/\/matteo-arfanotti.teachable.com\/\" target=\"_blank\">\n\t\t\t\t\t\t<span class=\"elementor-button-content-wrapper\">\n\t\t\t\t\t\t\t\t\t<span class=\"elementor-button-text\">Scopri i corsi disponibili<\/span>\n\t\t\t\t\t<\/span>\n\t\t\t\t\t<\/a>\n\t\t\t\t<\/div>\n\t\t\t\t\t\t\t\t<\/div>\n\t\t\t\t<\/div>\n\t\t\t\t<\/div>\n\t\t\t\t<\/div>\n\t\t<div class=\"elementor-element elementor-element-cf34b92 e-con-full animated-fast e-flex elementor-invisible e-con e-child\" data-id=\"cf34b92\" data-element_type=\"container\" data-e-type=\"container\" id=\"ondemand\" data-settings=\"{&quot;background_background&quot;:&quot;classic&quot;,&quot;animation&quot;:&quot;fadeInUp&quot;,&quot;animation_delay&quot;:150}\">\n\t\t<div class=\"elementor-element elementor-element-0b28b9a e-con-full e-flex e-con e-child\" data-id=\"0b28b9a\" data-element_type=\"container\" data-e-type=\"container\" data-settings=\"{&quot;background_background&quot;:&quot;classic&quot;}\">\n\t\t\t\t<div class=\"elementor-element elementor-element-7b0777c elementor-widget elementor-widget-image\" data-id=\"7b0777c\" data-element_type=\"widget\" data-e-type=\"widget\" data-widget_type=\"image.default\">\n\t\t\t\t<div class=\"elementor-widget-container\">\n\t\t\t\t\t\t\t\t\t\t\t\t\t\t\t<img decoding=\"async\" width=\"1200\" height=\"1200\" src=\"https:\/\/matteoarfanotti.com\/wp-content\/uploads\/2024\/07\/WS-on-demand.webp\" class=\"attachment-full size-full wp-image-1154\" alt=\"\" srcset=\"https:\/\/matteoarfanotti.com\/wp-content\/uploads\/2024\/07\/WS-on-demand.webp 1200w, https:\/\/matteoarfanotti.com\/wp-content\/uploads\/2024\/07\/WS-on-demand-300x300.webp 300w, https:\/\/matteoarfanotti.com\/wp-content\/uploads\/2024\/07\/WS-on-demand-1024x1024.webp 1024w, https:\/\/matteoarfanotti.com\/wp-content\/uploads\/2024\/07\/WS-on-demand-150x150.webp 150w, https:\/\/matteoarfanotti.com\/wp-content\/uploads\/2024\/07\/WS-on-demand-768x768.webp 768w, https:\/\/matteoarfanotti.com\/wp-content\/uploads\/2024\/07\/WS-on-demand-12x12.webp 12w, https:\/\/matteoarfanotti.com\/wp-content\/uploads\/2024\/07\/WS-on-demand-650x650.webp 650w\" sizes=\"(max-width: 1200px) 100vw, 1200px\" \/>\t\t\t\t\t\t\t\t\t\t\t\t\t\t\t<\/div>\n\t\t\t\t<\/div>\n\t\t\t\t<\/div>\n\t\t<div class=\"elementor-element elementor-element-c0b91f7 e-con-full e-flex e-con e-child\" data-id=\"c0b91f7\" data-element_type=\"container\" data-e-type=\"container\">\n\t\t\t\t<div class=\"elementor-element elementor-element-cd601c3 elementor-widget elementor-widget-heading\" data-id=\"cd601c3\" data-element_type=\"widget\" data-e-type=\"widget\" data-widget_type=\"heading.default\">\n\t\t\t\t<div class=\"elementor-widget-container\">\n\t\t\t\t\t<h2 class=\"elementor-heading-title elementor-size-default\">Cours \u00e0 la demande<\/h2>\t\t\t\t<\/div>\n\t\t\t\t<\/div>\n\t\t\t\t<div class=\"elementor-element elementor-element-ca436f5 elementor-widget elementor-widget-heading\" data-id=\"ca436f5\" data-element_type=\"widget\" data-e-type=\"widget\" data-widget_type=\"heading.default\">\n\t\t\t\t<div class=\"elementor-widget-container\">\n\t\t\t\t\t<p class=\"elementor-heading-title elementor-size-default translation-block\">Il existe aussi une formule enti\u00e8rement personnalisable pour mes cours... Une\njourn\u00e9e enti\u00e8rement d\u00e9di\u00e9e \u00e0 vous ou \u00e0 un groupe de maximum 4 personnes dans\nmon atelier, en personnalisant le cours avec les th\u00e8mes, les techniques et les mat\u00e9riaux qui vous int\u00e9ressent le plus. Un v\u00e9ritable atelier \u00e0 la demande que nous pouvons organiser comme et quand vous le souhaitez!<\/p>\t\t\t\t<\/div>\n\t\t\t\t<\/div>\n\t\t\t\t<div class=\"elementor-element elementor-element-488cb38 elementor-align-start elementor-icon-list--layout-traditional elementor-list-item-link-full_width elementor-widget elementor-widget-icon-list\" data-id=\"488cb38\" data-element_type=\"widget\" data-e-type=\"widget\" data-widget_type=\"icon-list.default\">\n\t\t\t\t<div class=\"elementor-widget-container\">\n\t\t\t\t\t\t\t<ul class=\"elementor-icon-list-items\">\n\t\t\t\t\t\t\t<li class=\"elementor-icon-list-item\">\n\t\t\t\t\t\t\t\t\t\t\t<span class=\"elementor-icon-list-icon\">\n\t\t\t\t\t\t\t<svg aria-hidden=\"true\" class=\"e-font-icon-svg e-fas-circle\" viewbox=\"0 0 512 512\" xmlns=\"http:\/\/www.w3.org\/2000\/svg\"><path d=\"M256 8C119 8 8 119 8 256s111 248 248 248 248-111 248-248S393 8 256 8z\"><\/path><\/svg>\t\t\t\t\t\t<\/span>\n\t\t\t\t\t\t\t\t\t\t<span class=\"elementor-icon-list-text\">Atelier individuel \u20ac400<\/span>\n\t\t\t\t\t\t\t\t\t<\/li>\n\t\t\t\t\t\t\t\t<li class=\"elementor-icon-list-item\">\n\t\t\t\t\t\t\t\t\t\t\t<span class=\"elementor-icon-list-icon\">\n\t\t\t\t\t\t\t<svg aria-hidden=\"true\" class=\"e-font-icon-svg e-fas-circle\" viewbox=\"0 0 512 512\" xmlns=\"http:\/\/www.w3.org\/2000\/svg\"><path d=\"M256 8C119 8 8 119 8 256s111 248 248 248 248-111 248-248S393 8 256 8z\"><\/path><\/svg>\t\t\t\t\t\t<\/span>\n\t\t\t\t\t\t\t\t\t\t<span class=\"elementor-icon-list-text\">Atelier de groupe (max 4 personnes) \u20ac600 <br>(\u00e0 partager entre les participants)<\/span>\n\t\t\t\t\t\t\t\t\t<\/li>\n\t\t\t\t\t\t<\/ul>\n\t\t\t\t\t\t<\/div>\n\t\t\t\t<\/div>\n\t\t\t\t<div class=\"elementor-element elementor-element-bb25156 elementor-mobile-align-justify elementor-align-justify elementor-widget elementor-widget-button\" data-id=\"bb25156\" data-element_type=\"widget\" data-e-type=\"widget\" data-widget_type=\"button.default\">\n\t\t\t\t<div class=\"elementor-widget-container\">\n\t\t\t\t\t\t\t\t\t<div class=\"elementor-button-wrapper\">\n\t\t\t\t\t<a class=\"elementor-button elementor-button-link elementor-size-sm\" href=\"https:\/\/matteoarfanotti.com\/fr\/contatti\/\">\n\t\t\t\t\t\t<span class=\"elementor-button-content-wrapper\">\n\t\t\t\t\t\t\t\t\t<span class=\"elementor-button-text\">Contactez-moi<\/span>\n\t\t\t\t\t<\/span>\n\t\t\t\t\t<\/a>\n\t\t\t\t<\/div>\n\t\t\t\t\t\t\t\t<\/div>\n\t\t\t\t<\/div>\n\t\t\t\t<\/div>\n\t\t\t\t<\/div>\n\t\t\t\t<\/div>\n\t\t\t\t\t<\/div>\n\t\t\t\t<\/div>\n\t\t\t\t<\/div>","protected":false},"excerpt":{"rendered":"<p>Workshop e corsi online Cos\u2019\u00e8 per me l\u2019insegnamento \u201cNiente \u00e8 veramente nostro finch\u00e9 non lo condividiamo\u201d. Queste parole dello scrittore inglese C.S. Lewis riassumono perfettamente il motivo per cui amo girare il mondo tenendo workshop e corsi. L\u2019insegnamento \u00e8 un\u2019arte in s\u00e9, quando si condivide il proprio sapere con gli altri, si crea un legame [&hellip;]<\/p>\n","protected":false},"author":1,"featured_media":0,"parent":0,"menu_order":0,"comment_status":"closed","ping_status":"closed","template":"elementor_header_footer","meta":{"_acf_changed":false,"footnotes":""},"class_list":["post-822","page","type-page","status-publish","hentry"],"acf":[],"_links":{"self":[{"href":"https:\/\/matteoarfanotti.com\/fr\/wp-json\/wp\/v2\/pages\/822","targetHints":{"allow":["GET"]}}],"collection":[{"href":"https:\/\/matteoarfanotti.com\/fr\/wp-json\/wp\/v2\/pages"}],"about":[{"href":"https:\/\/matteoarfanotti.com\/fr\/wp-json\/wp\/v2\/types\/page"}],"author":[{"embeddable":true,"href":"https:\/\/matteoarfanotti.com\/fr\/wp-json\/wp\/v2\/users\/1"}],"replies":[{"embeddable":true,"href":"https:\/\/matteoarfanotti.com\/fr\/wp-json\/wp\/v2\/comments?post=822"}],"version-history":[{"count":79,"href":"https:\/\/matteoarfanotti.com\/fr\/wp-json\/wp\/v2\/pages\/822\/revisions"}],"predecessor-version":[{"id":1581,"href":"https:\/\/matteoarfanotti.com\/fr\/wp-json\/wp\/v2\/pages\/822\/revisions\/1581"}],"wp:attachment":[{"href":"https:\/\/matteoarfanotti.com\/fr\/wp-json\/wp\/v2\/media?parent=822"}],"curies":[{"name":"wp","href":"https:\/\/api.w.org\/{rel}","templated":true}]}}